{"id":12736,"date":"2022-03-30T19:56:53","date_gmt":"2022-03-30T19:56:53","guid":{"rendered":"https:\/\/smoke.ch\/product\/cohiba-30-aniversario-humidor-robusto-especial-cigare-unique\/"},"modified":"2025-05-07T09:39:28","modified_gmt":"2025-05-07T09:39:28","slug":"cohiba-30-aniversario-humidor-robusto-especial-cigare-unique","status":"publish","type":"product","link":"https:\/\/smoke.ch\/fr\/produit\/cohiba-30-aniversario-humidor-robusto-especial-cigare-unique\/","title":{"rendered":"Cohiba 30 Aniversario Humidor \u2013 Robusto Especial \u2013 Cigare unique"},"content":{"rendered":"<p>De la <strong>cave \u00e0 cigares<a href=\"https:\/\/smoke.ch\/fr\/categorie-produit\/cigares\/cohiba-fr\/\">Cohiba<\/a> 30 Aniversario<\/strong> de l&rsquo;ann\u00e9e 1996, nous pouvons proposer \u00e0 la vente quelques exemplaires de ce cigare exceptionnel \u00e0 l&rsquo;unit\u00e9. La cave \u00e0 cigares est remplie de <strong>Cohibas Robustos Especial<\/strong>, un format cr\u00e9\u00e9 \u00e0 l&rsquo;occasion du jubil\u00e9 de <a href=\"https:\/\/www.habanos.com\/en\/\"><br \/>\n  <strong>Habanos<\/strong><br \/>\n<\/a> S.A. a \u00e9t\u00e9 pr\u00e9sent\u00e9 pour la premi\u00e8re fois au public des cigares.<\/p>\n<p>Seules 45 caves \u00e0 cigares d&rsquo;une contenance de 50 Cohibas Robustos Especial ont \u00e9t\u00e9 produites. Cette \u00e9dition limit\u00e9e fait de ces cigares une pi\u00e8ce de collection tr\u00e8s pris\u00e9e et une raret\u00e9 parmi les <a href=\"https:\/\/smoke.ch\/fr\/categorie-produit\/cigares\/\"><br \/>\n  <strong>amateurs de cigares<\/strong><br \/>\n<\/a>.<\/p>\n<p>Si vous souhaitez d\u00e9couvrir le go\u00fbt inimitable et l&rsquo;excellente qualit\u00e9 des Cohibas Robustos Especial de la <strong> <a href=\"https:\/\/smoke.ch\/fr\/categorie-produit\/caves-a-cigares\/\">cave \u00e0 cigares<\/a> Cohiba 30 Aniversario<\/strong>, n&rsquo;h\u00e9sitez pas \u00e0 saisir cette occasion unique. Procurez-vous d\u00e8s maintenant des cigares individuels de cette cave \u00e0 cigares exclusive et enrichissez votre collection de cigares d&rsquo;une touche de luxe et d&rsquo;histoire. Commandez d\u00e8s aujourd&rsquo;hui, jusqu&rsquo;\u00e0 \u00e9puisement des stocks !<\/p>\n","protected":false},"excerpt":{"rendered":"<p>De la cave \u00e0 cigaresCohiba 30 Aniversario de l&rsquo;ann\u00e9e 1996, nous pouvons proposer \u00e0 la vente quelques exemplaires de ce cigare exceptionnel \u00e0 l&rsquo;unit\u00e9. La cave \u00e0 cigares est remplie de Cohibas Robustos Especial, un format cr\u00e9\u00e9 \u00e0 l&rsquo;occasion du jubil\u00e9 de Habanos S.A. a \u00e9t\u00e9 pr\u00e9sent\u00e9 pour la premi\u00e8re fois au public des cigares. [&hellip;]<\/p>\n","protected":false},"featured_media":12740,"comment_status":"open","ping_status":"closed","template":"","meta":{"_et_pb_use_builder":"","_et_pb_old_content":"","_et_gb_content_width":""},"product_brand":[],"product_cat":[222],"product_tag":[1014,1099,1119,1454,1080,1124,1123,926,1120,924,1026,881,801,910,911,1126],"class_list":{"0":"post-12736","1":"product","2":"type-product","3":"status-publish","4":"has-post-thumbnail","6":"product_cat-non-classe","7":"product_tag-cigare-premium","8":"product_tag-cigares","9":"product_tag-cigares-cohiba","10":"product_tag-cigares-cohiba-vintage","11":"product_tag-cigares-cubains","12":"product_tag-cigares-cubains-exclusifs","13":"product_tag-cigares-cubains-vintage","14":"product_tag-cigares-en-edition-limitee","15":"product_tag-cigares-habanos","16":"product_tag-cigares-pour-collectionneurs","17":"product_tag-cigares-rares-fr","18":"product_tag-cigares-vintage","19":"product_tag-cohiba-fr","20":"product_tag-cohiba-30-aniversario-cave-a-cigares","21":"product_tag-cohiba-30-anniversary-fr","22":"product_tag-habanos-fr","24":"first","25":"instock","26":"shipping-taxable","27":"purchasable","28":"product-type-simple"},"aioseo_notices":[],"_links":{"self":[{"href":"https:\/\/smoke.ch\/fr\/wp-json\/wp\/v2\/product\/12736","targetHints":{"allow":["GET"]}}],"collection":[{"href":"https:\/\/smoke.ch\/fr\/wp-json\/wp\/v2\/product"}],"about":[{"href":"https:\/\/smoke.ch\/fr\/wp-json\/wp\/v2\/types\/product"}],"replies":[{"embeddable":true,"href":"https:\/\/smoke.ch\/fr\/wp-json\/wp\/v2\/comments?post=12736"}],"wp:featuredmedia":[{"embeddable":true,"href":"https:\/\/smoke.ch\/fr\/wp-json\/wp\/v2\/media\/12740"}],"wp:attachment":[{"href":"https:\/\/smoke.ch\/fr\/wp-json\/wp\/v2\/media?parent=12736"}],"wp:term":[{"taxonomy":"product_brand","embeddable":true,"href":"https:\/\/smoke.ch\/fr\/wp-json\/wp\/v2\/product_brand?post=12736"},{"taxonomy":"product_cat","embeddable":true,"href":"https:\/\/smoke.ch\/fr\/wp-json\/wp\/v2\/product_cat?post=12736"},{"taxonomy":"product_tag","embeddable":true,"href":"https:\/\/smoke.ch\/fr\/wp-json\/wp\/v2\/product_tag?post=12736"}],"curies":[{"name":"wp","href":"https:\/\/api.w.org\/{rel}","templated":true}]}}