{"id":12745,"date":"2022-03-30T19:56:54","date_gmt":"2022-03-30T19:56:54","guid":{"rendered":"https:\/\/smoke.ch\/product\/cohiba-50-aniversario-bhk-behike-56\/"},"modified":"2025-04-25T13:56:38","modified_gmt":"2025-04-25T13:56:38","slug":"cohiba-50-aniversario-bhk-behike-56","status":"publish","type":"product","link":"https:\/\/smoke.ch\/fr\/produit\/cohiba-50-aniversario-bhk-behike-56\/","title":{"rendered":"Cohiba 50 Aniversario \u2013 BHK Behike 56"},"content":{"rendered":"<div class=\"flex-1 overflow-hidden\">\n<div class=\"react-scroll-to-bottom--css-pusiv-79elbk h-full dark:bg-gray-800\">\n<div class=\"react-scroll-to-bottom--css-pusiv-1n7m0yu\">\n<div class=\"flex flex-col text-sm dark:bg-gray-800\">\n<div class=\"group w-full text-gray-800 dark:text-gray-100 border-b border-black\/10 dark:border-gray-900\/50 bg-gray-50 dark:bg-[#444654]\">\n<div class=\"flex p-4 gap-4 text-base md:gap-6 md:max-w-2xl lg:max-w-[38rem] xl:max-w-3xl md:py-6 lg:px-0 m-auto\">\n<div class=\"relative flex w-[calc(100%-50px)] flex-col gap-1 md:gap-3 lg:w-[calc(100%-115px)]\">\n<div class=\"flex flex-grow flex-col gap-3\">\n<div class=\"min-h-[20px] flex items-start overflow-x-auto whitespace-pre-wrap break-words flex-col gap-4\">\n<div class=\"markdown prose w-full break-words dark:prose-invert light\">\n<p>Le site <a href=\"https:\/\/smoke.ch\/fr\/categorie-produit\/cigares\/cohiba-fr\/\"><strong>Cohiba Behike<\/strong><\/a> est l&rsquo;un des cigares les plus exclusifs que Cuba ait \u00e0 offrir. Sa qualit\u00e9 exceptionnelle saute tout d&rsquo;abord aux yeux, car il est fabriqu\u00e9 exclusivement \u00e0 partir des meilleures vari\u00e9t\u00e9s de tabac de la r\u00e9gion de Vuelta Abajo. Il convient de souligner l&rsquo;utilisation des rares feuilles de Medio Tiempo. Celles-ci conf\u00e8rent au cigare non seulement un go\u00fbt intense, mais aussi une force unique, sans \u00e9quivalent.   <\/p>\n<p>La fum\u00e9e r\u00e9v\u00e8le un profil aromatique harmonieux. Au d\u00e9but, on remarque des nuances cr\u00e9meuses et l\u00e9g\u00e8rement sucr\u00e9es. Ensuite, des notes de caf\u00e9, de bois et d&rsquo;\u00e9pices fines se d\u00e9veloppent progressivement et compl\u00e8tent merveilleusement l&rsquo;image gustative. Enfin, la douceur de la fin de bouche assure un final savoureux.   <\/p>\n<p>En outre, Cohiba Behike impressionne par la diversit\u00e9 de ses formats. La s\u00e9rie propose trois tailles : <strong>BHK 52, BHK 54 et <a href=\"https:\/\/smoke.ch\/es\/product\/cohiba-bhk-behike-56-cosecha-2012\/\">BHK 56<\/a><\/strong>. Bien qu&rsquo;ils se distinguent par leur longueur et leur dur\u00e9e de fum\u00e9e, tous les formats garantissent la m\u00eame qualit\u00e9 exceptionnelle. De plus, la finition convainc par sa perfection. La feuille de couverture est impeccable, le tirage agr\u00e9able et la combustion toujours r\u00e9guli\u00e8re.    <\/p>\n<p>Enfin, l&#8217;emballage luxueux souligne le caract\u00e8re exclusif de Cohiba Behike. <a href=\"https:\/\/smoke.ch\/fr\/categorie-produit\/cigares\/\"><strong>Chaque cigare<\/strong><\/a> est pr\u00e9sent\u00e9 dans de superbes bo\u00eetes en bois qui compl\u00e8tent l&rsquo;exp\u00e9rience premium. Comme la production est strictement limit\u00e9e, ces cigares ne sont pas seulement un plaisir, mais aussi une pi\u00e8ce de collection tr\u00e8s recherch\u00e9e. <\/p>\n<p>En r\u00e9sum\u00e9, le Cohiba Behike est le choix parfait pour les aficionados exigeants. Gr\u00e2ce \u00e0 sa qualit\u00e9 exceptionnelle, \u00e0 son go\u00fbt incomparable et \u00e0 sa pr\u00e9sentation raffin\u00e9e, il repr\u00e9sente l&rsquo;art du cigare cubain de la marque.<a href=\"https:\/\/www.habanos.com\/en\/\"><strong> Habanos S.A.<\/strong><\/a> au plus haut niveau. Essayez le Cohiba Behike et plongez dans le monde du luxe \u00e0 l&rsquo;\u00e9tat pur !  <\/p>\n<p>La <strong>cave \u00e0 cigares<a href=\"https:\/\/smoke.ch\/fr\/categorie-produit\/cigares\/cohiba-fr\/\">Cohiba<\/a> 50 Aniversario BHK56<\/strong> est un hommage au 50e anniversaire de la prestigieuse marque de cigares Cohiba. Cette cave \u00e0 cigares exclusive de <a href=\"https:\/\/www.habanos.com\/en\/\"><br \/>\n  <strong>Habanos<\/strong><br \/>\n<\/a> S.A. a \u00e9t\u00e9 produite en 2016 en \u00e9dition limit\u00e9e et est un must pour tout amateur de cigares s\u00e9rieux.<\/p>\n<p>Lors du 18e Festival Habanos, cet unique <a href=\"https:\/\/smoke.ch\/fr\/categorie-produit\/caves-a-cigares\/\"><br \/>\n  <strong>cave \u00e0 cigares<\/strong><br \/>\n<\/a> a \u00e9t\u00e9 pr\u00e9sent\u00e9 et contient 10 cigares Cohiba BHK56. Ces cigares sont connus pour la complexit\u00e9 de leurs ar\u00f4mes et la richesse de leur go\u00fbt et sont appr\u00e9ci\u00e9s par les connaisseurs du monde entier.<\/p>\n<p>La cave \u00e0 cigares elle-m\u00eame est fabriqu\u00e9e \u00e0 la main et se compose de bois de c\u00e8dre de haute qualit\u00e9, qui maintient les cigares en parfait \u00e9tat. De plus, le logo Cohiba orne le design \u00e9l\u00e9gant de la cave \u00e0 cigares, ce qui en fait un v\u00e9ritable point de mire pour tous les amateurs de cigares. <a href=\"https:\/\/smoke.ch\/fr\/categorie-produit\/cigares\/\"><strong>amateur de cigares<\/strong><\/a>.<\/p>\n<p>&nbsp;<\/p>\n<\/div>\n<\/div>\n<\/div>\n<div class=\"flex justify-between lg:block\">\n<div class=\"text-gray-400 flex self-end lg:self-center justify-center mt-2 gap-2 md:gap-3 lg:gap-1 lg:absolute lg:top-0 lg:translate-x-full lg:right-0 lg:mt-0 lg:pl-2 visible\">\n<p>&nbsp;<\/p>\n<div class=\"flex gap-1\"><\/div>\n<\/div>\n<\/div>\n<\/div>\n<\/div>\n<\/div>\n<div class=\"h-32 md:h-48 flex-shrink-0\"><\/div>\n<\/div>\n<\/div>\n<\/div>\n<\/div>\n<div class=\"absolute bottom-0 left-0 w-full border-t md:border-t-0 dark:border-white\/20 md:border-transparent md:dark:border-transparent md:bg-vert-light-gradient bg-white dark:bg-gray-800 md:!bg-transparent dark:md:bg-vert-dark-gradient pt-2 md:pl-2 md:w-[calc(100%-.5rem)]\">\n<form class=\"stretch mx-2 flex flex-row gap-3 last:mb-2 md:mx-4 md:last:mb-6 lg:mx-auto lg:max-w-2xl xl:max-w-3xl\">\n<div class=\"relative flex h-full flex-1 items-stretch md:flex-col\" role=\"presentation\">\n<div>\n<div class=\"h-full flex ml-1 md:w-full md:m-auto md:mb-4 gap-0 md:gap-2 justify-center\"><\/div>\n<\/div>\n<\/div>\n<\/form>\n<\/div>\n","protected":false},"excerpt":{"rendered":"<p>Le site Cohiba Behike est l&rsquo;un des cigares les plus exclusifs que Cuba ait \u00e0 offrir. Sa qualit\u00e9 exceptionnelle saute tout d&rsquo;abord aux yeux, car il est fabriqu\u00e9 exclusivement \u00e0 partir des meilleures vari\u00e9t\u00e9s de tabac de la r\u00e9gion de Vuelta Abajo. Il convient de souligner l&rsquo;utilisation des rares feuilles de Medio Tiempo. Celles-ci conf\u00e8rent [&hellip;]<\/p>\n","protected":false},"featured_media":12750,"comment_status":"open","ping_status":"closed","template":"","meta":{"_et_pb_use_builder":"","_et_pb_old_content":"","_et_gb_content_width":""},"product_brand":[],"product_cat":[227,230],"product_tag":[916,1014,1099,1119,1080,1124,1123,926,1120,924,1026,881,801,915,239,1009,871,869,1126],"class_list":{"0":"post-12745","1":"product","2":"type-product","3":"status-publish","4":"has-post-thumbnail","6":"product_cat-caves-a-cigares","7":"product_cat-cohiba-fr-2","8":"product_tag-bhk-behike-56-fr","9":"product_tag-cigare-premium","10":"product_tag-cigares","11":"product_tag-cigares-cohiba","12":"product_tag-cigares-cubains","13":"product_tag-cigares-cubains-exclusifs","14":"product_tag-cigares-cubains-vintage","15":"product_tag-cigares-en-edition-limitee","16":"product_tag-cigares-habanos","17":"product_tag-cigares-pour-collectionneurs","18":"product_tag-cigares-rares-fr","19":"product_tag-cigares-vintage","20":"product_tag-cohiba-fr","21":"product_tag-cohiba-50-aniversario-fr","22":"product_tag-cohiba-behike-fr","23":"product_tag-cohiba-behike-cave-a-cigares","24":"product_tag-cohiba-bhk-fr","25":"product_tag-cohiba-bhk-56-fr","26":"product_tag-habanos-fr","28":"first","29":"outofstock","30":"shipping-taxable","31":"purchasable","32":"product-type-simple"},"aioseo_notices":[],"_links":{"self":[{"href":"https:\/\/smoke.ch\/fr\/wp-json\/wp\/v2\/product\/12745","targetHints":{"allow":["GET"]}}],"collection":[{"href":"https:\/\/smoke.ch\/fr\/wp-json\/wp\/v2\/product"}],"about":[{"href":"https:\/\/smoke.ch\/fr\/wp-json\/wp\/v2\/types\/product"}],"replies":[{"embeddable":true,"href":"https:\/\/smoke.ch\/fr\/wp-json\/wp\/v2\/comments?post=12745"}],"wp:featuredmedia":[{"embeddable":true,"href":"https:\/\/smoke.ch\/fr\/wp-json\/wp\/v2\/media\/12750"}],"wp:attachment":[{"href":"https:\/\/smoke.ch\/fr\/wp-json\/wp\/v2\/media?parent=12745"}],"wp:term":[{"taxonomy":"product_brand","embeddable":true,"href":"https:\/\/smoke.ch\/fr\/wp-json\/wp\/v2\/product_brand?post=12745"},{"taxonomy":"product_cat","embeddable":true,"href":"https:\/\/smoke.ch\/fr\/wp-json\/wp\/v2\/product_cat?post=12745"},{"taxonomy":"product_tag","embeddable":true,"href":"https:\/\/smoke.ch\/fr\/wp-json\/wp\/v2\/product_tag?post=12745"}],"curies":[{"name":"wp","href":"https:\/\/api.w.org\/{rel}","templated":true}]}}