{"id":12773,"date":"2022-03-30T19:56:53","date_gmt":"2022-03-30T19:56:53","guid":{"rendered":"https:\/\/smoke.ch\/product\/romeo-y-julieta-wide-churchill-tubos-2011-cigare-unique\/"},"modified":"2025-05-07T09:35:12","modified_gmt":"2025-05-07T09:35:12","slug":"romeo-y-julieta-wide-churchill-tubos-2011-cigare-unique","status":"publish","type":"product","link":"https:\/\/smoke.ch\/fr\/produit\/romeo-y-julieta-wide-churchill-tubos-2011-cigare-unique\/","title":{"rendered":"Romeo y Julieta Wide Churchill Tubos 2011 \u2013 Cigare unique"},"content":{"rendered":"<p>Le cigare<strong><a href=\"https:\/\/smoke.ch\/fr\/categorie-produit\/cigares\/romeo-y-julieta-fr\/\"> Romeo y Julieta<\/a> Wide Churchill Tubos<\/strong> a \u00e9t\u00e9 con\u00e7u par <a href=\"https:\/\/www.habanos.com\/en\/\"><br \/>\n  <strong>Habanos<\/strong><br \/>\n<\/a> S.A. en 2010. Depuis, elle jouit d&rsquo;une grande popularit\u00e9 aupr\u00e8s des amateurs de cigares doux et aromatiques.<\/p>\n<p>Ce cigare relativement bon march\u00e9<a href=\"https:\/\/smoke.ch\/fr\/categorie-produit\/cigares\/\"><br \/>\n  <strong> Cigare Havane<\/strong><br \/>\n<\/a> est emball\u00e9 individuellement dans des tubos et offre une excellente exp\u00e9rience de consommation qui impressionne aussi bien les amateurs que les connaisseurs. Chaque cigare provient de l&rsquo;ann\u00e9e 2011 et garantit ainsi une maturation parfaite, ce qui lui permet de d\u00e9velopper toute sa saveur et son ar\u00f4me \u00e9quilibr\u00e9.<\/p>\n<p>Essayez d\u00e8s maintenant le cigare Romeo y Julieta Wide Churchill Tubos et laissez-vous s\u00e9duire par sa qualit\u00e9 et son caract\u00e8re unique. Commandez d\u00e8s aujourd&rsquo;hui et savourez le plaisir incomparable de ce cigare de premi\u00e8re classe de la prestigieuse maison Romeo y Julieta.<\/p>\n","protected":false},"excerpt":{"rendered":"<p>Le cigare Romeo y Julieta Wide Churchill Tubos a \u00e9t\u00e9 con\u00e7u par Habanos S.A. en 2010. Depuis, elle jouit d&rsquo;une grande popularit\u00e9 aupr\u00e8s des amateurs de cigares doux et aromatiques. Ce cigare relativement bon march\u00e9 Cigare Havane est emball\u00e9 individuellement dans des tubos et offre une excellente exp\u00e9rience de consommation qui impressionne aussi bien les [&hellip;]<\/p>\n","protected":false},"featured_media":12779,"comment_status":"open","ping_status":"closed","template":"","meta":{"_et_pb_use_builder":"","_et_pb_old_content":"","_et_gb_content_width":""},"product_brand":[],"product_cat":[219,226],"product_tag":[1014,1099,1080,1124,1123,926,1120,924,1026,881,1126,242,922],"class_list":{"0":"post-12773","1":"product","2":"type-product","3":"status-publish","4":"has-post-thumbnail","6":"product_cat-cigares","7":"product_cat-romeo-y-julieta-fr","8":"product_tag-cigare-premium","9":"product_tag-cigares","10":"product_tag-cigares-cubains","11":"product_tag-cigares-cubains-exclusifs","12":"product_tag-cigares-cubains-vintage","13":"product_tag-cigares-en-edition-limitee","14":"product_tag-cigares-habanos","15":"product_tag-cigares-pour-collectionneurs","16":"product_tag-cigares-rares-fr","17":"product_tag-cigares-vintage","18":"product_tag-habanos-fr","19":"product_tag-romeo-y-julieta-fr","20":"product_tag-romeo-y-julieta-wide-churchill-fr","22":"first","23":"outofstock","24":"shipping-taxable","25":"purchasable","26":"product-type-variable"},"aioseo_notices":[],"_links":{"self":[{"href":"https:\/\/smoke.ch\/fr\/wp-json\/wp\/v2\/product\/12773","targetHints":{"allow":["GET"]}}],"collection":[{"href":"https:\/\/smoke.ch\/fr\/wp-json\/wp\/v2\/product"}],"about":[{"href":"https:\/\/smoke.ch\/fr\/wp-json\/wp\/v2\/types\/product"}],"replies":[{"embeddable":true,"href":"https:\/\/smoke.ch\/fr\/wp-json\/wp\/v2\/comments?post=12773"}],"wp:featuredmedia":[{"embeddable":true,"href":"https:\/\/smoke.ch\/fr\/wp-json\/wp\/v2\/media\/12779"}],"wp:attachment":[{"href":"https:\/\/smoke.ch\/fr\/wp-json\/wp\/v2\/media?parent=12773"}],"wp:term":[{"taxonomy":"product_brand","embeddable":true,"href":"https:\/\/smoke.ch\/fr\/wp-json\/wp\/v2\/product_brand?post=12773"},{"taxonomy":"product_cat","embeddable":true,"href":"https:\/\/smoke.ch\/fr\/wp-json\/wp\/v2\/product_cat?post=12773"},{"taxonomy":"product_tag","embeddable":true,"href":"https:\/\/smoke.ch\/fr\/wp-json\/wp\/v2\/product_tag?post=12773"}],"curies":[{"name":"wp","href":"https:\/\/api.w.org\/{rel}","templated":true}]}}