{"id":12783,"date":"2022-03-30T19:56:53","date_gmt":"2022-03-30T19:56:53","guid":{"rendered":"https:\/\/smoke.ch\/product\/cohiba-50-aniversario-cave-a-cigares\/"},"modified":"2026-01-31T15:22:13","modified_gmt":"2026-01-31T15:22:13","slug":"cohiba-50-aniversario-cave-a-cigares","status":"publish","type":"product","link":"https:\/\/smoke.ch\/fr\/produit\/cohiba-50-aniversario-cave-a-cigares\/","title":{"rendered":"Cohiba Majestuosos 1966 \u2013 Cave \u00e0 cigares 50 Aniversario"},"content":{"rendered":"<div class=\"flex-1 overflow-hidden\">\n<div class=\"react-scroll-to-bottom--css-pusiv-79elbk h-full dark:bg-gray-800\">\n<div class=\"react-scroll-to-bottom--css-pusiv-1n7m0yu\">\n<div class=\"flex flex-col text-sm dark:bg-gray-800\">\n<div class=\"group w-full text-gray-800 dark:text-gray-100 border-b border-black\/10 dark:border-gray-900\/50 bg-gray-50 dark:bg-[#444654]\">\n<div class=\"flex p-4 gap-4 text-base md:gap-6 md:max-w-2xl lg:max-w-[38rem] xl:max-w-3xl md:py-6 lg:px-0 m-auto\">\n<div class=\"relative flex w-[calc(100%-50px)] flex-col gap-1 md:gap-3 lg:w-[calc(100%-115px)]\">\n<div class=\"flex flex-grow flex-col gap-3\">\n<div class=\"min-h-[20px] flex items-start overflow-x-auto whitespace-pre-wrap break-words flex-col gap-4\">\n<div class=\"markdown prose w-full break-words dark:prose-invert light\">\n<p>Cette cave \u00e0 cigares <strong><a href=\"https:\/\/www.habanos.com\/en\/\">Habanos<\/a> S.A.<\/strong> a \u00e9t\u00e9 con\u00e7ue pour c\u00e9l\u00e9brer le 50e anniversaire de la c\u00e9l\u00e8bre marque de cigare. <a href=\"https:\/\/smoke.ch\/product-category\/zigarren\/cohiba\/\"><strong>marque de cigares Cohiba<\/strong><\/a> en 2016, a \u00e9t\u00e9 produite en \u00e9dition strictement limit\u00e9e \u00e0 1966 exemplaires seulement. Le format exclusif de cigare \u00ab&nbsp;Majestuosos&nbsp;\u00bb, avec un calibre de 58, a \u00e9t\u00e9 cr\u00e9\u00e9 sp\u00e9cialement pour cette cave \u00e0 cigares du 50e anniversaire. <a href=\"https:\/\/smoke.ch\/product-category\/zigarren\/\"><strong>Des cigares<\/strong><\/a> de ce format exceptionnel sont disponibles chez nous.<\/p>\n<p>La disponibilit\u00e9 de ces exquis cigares comm\u00e9moratifs est strictement limit\u00e9e \u00e0 1996 caves \u00e0 cigares contenant chacune 20 cigares. Assurez-vous d\u00e8s maintenant une de ces rares<a href=\"https:\/\/smoke.ch\/product-category\/humidore\/cohiba-humidore\/\"><br \/>\n  <strong> Cohiba 50th Anniversary<\/strong><br \/>\n<\/a> et vivez une exp\u00e9rience inoubliable qui rend hommage \u00e0 l&rsquo;histoire et \u00e0 la tradition de Cohiba. Laissez-vous s\u00e9duire par la qualit\u00e9 exceptionnelle et le go\u00fbt exquis de ces cigares particuliers et venez f\u00eater avec nous le 50e anniversaire de Cohiba !<\/p>\n<p>Le Cohiba Majestuosos est un format de cigare unique en son genre, tr\u00e8s difficile \u00e0 acheter individuellement et vendu sur des sites de vente en ligne. <a href=\"https:\/\/www.onlinecigarauctions.com\/sold_lot_info.php?products_id=11993\"><br \/>\n  <strong>Ventes aux ench\u00e8res en ligne<\/strong><br \/>\n<\/a> est extr\u00eamement recherch\u00e9.<\/p>\n<p>En plus d&rsquo;une <strong>cave ouverte<\/strong> \u00e0 partir de laquelle nous vendons des cigares individuels, nous avons plusieurs <a href=\"https:\/\/smoke.ch\/product-category\/humidore\/\"><strong>cigares complets<\/strong> <strong>Caves \u00e0 cigares<\/strong><\/a> en stock, dont les num\u00e9ros 1121 et 1350, qui sont encore disponibles. Assurez-vous d\u00e8s maintenant votre <a href=\"https:\/\/smoke.ch\/fr\/produit\/cohiba-majestuosos-edicion-especial\/\"><strong>Cohiba Majestuosos <\/strong><\/a>et profitez d&rsquo;un plaisir unique pour f\u00eater le 50e anniversaire de Cohiba !<\/p>\n<\/div>\n<\/div>\n<\/div>\n<div class=\"flex justify-between lg:block\">\n<div class=\"text-gray-400 flex self-end lg:self-center justify-center mt-2 gap-2 md:gap-3 lg:gap-1 lg:absolute lg:top-0 lg:translate-x-full lg:right-0 lg:mt-0 lg:pl-2 visible\">\n<p>&nbsp;<\/p>\n<div class=\"flex gap-1\"><\/div>\n<\/div>\n<\/div>\n<\/div>\n<\/div>\n<\/div>\n<div class=\"h-32 md:h-48 flex-shrink-0\"><\/div>\n<p>&nbsp;<\/p>\n<\/div>\n<\/div>\n<\/div>\n<\/div>\n<div class=\"absolute bottom-0 left-0 w-full border-t md:border-t-0 dark:border-white\/20 md:border-transparent md:dark:border-transparent md:bg-vert-light-gradient bg-white dark:bg-gray-800 md:!bg-transparent dark:md:bg-vert-dark-gradient pt-2 md:pl-2 md:w-[calc(100%-.5rem)]\">\n<form class=\"stretch mx-2 flex flex-row gap-3 last:mb-2 md:mx-4 md:last:mb-6 lg:mx-auto lg:max-w-2xl xl:max-w-3xl\">\n<div class=\"relative flex h-full flex-1 items-stretch md:flex-col\" role=\"presentation\">\n<div>\n<div class=\"h-full flex ml-1 md:w-full md:m-auto md:mb-4 gap-0 md:gap-2 justify-center\"><\/div>\n<\/div>\n<\/div>\n<\/form>\n<\/div>\n","protected":false},"excerpt":{"rendered":"<p>Cette cave \u00e0 cigares Habanos S.A. a \u00e9t\u00e9 con\u00e7ue pour c\u00e9l\u00e9brer le 50e anniversaire de la c\u00e9l\u00e8bre marque de cigare. marque de cigares Cohiba en 2016, a \u00e9t\u00e9 produite en \u00e9dition strictement limit\u00e9e \u00e0 1966 exemplaires seulement. Le format exclusif de cigare \u00ab&nbsp;Majestuosos&nbsp;\u00bb, avec un calibre de 58, a \u00e9t\u00e9 cr\u00e9\u00e9 sp\u00e9cialement pour cette cave [&hellip;]<\/p>\n","protected":false},"featured_media":12785,"comment_status":"open","ping_status":"closed","template":"","meta":{"_et_pb_use_builder":"","_et_pb_old_content":"","_et_gb_content_width":""},"product_brand":[],"product_cat":[227,219,220,230],"product_tag":[1840,1839,1838,1119,1080,926,915,1841],"class_list":{"0":"post-12783","1":"product","2":"type-product","3":"status-publish","4":"has-post-thumbnail","6":"product_cat-caves-a-cigares","7":"product_cat-cigares","8":"product_cat-cohiba-fr","9":"product_cat-cohiba-fr-2","10":"product_tag-acheter-cohiba-50-aniversario","11":"product_tag-cave-a-cigares-cohiba-majestuosos-1966","12":"product_tag-cigares-anniversaire-cohiba","13":"product_tag-cigares-cohiba","14":"product_tag-cigares-cubains","15":"product_tag-cigares-en-edition-limitee","16":"product_tag-cohiba-50-aniversario-fr","17":"product_tag-prix-du-50e-anniversaire-de-cohiba","19":"first","20":"instock","21":"sold-individually","22":"shipping-taxable","23":"purchasable","24":"product-type-variable"},"aioseo_notices":[],"_links":{"self":[{"href":"https:\/\/smoke.ch\/fr\/wp-json\/wp\/v2\/product\/12783","targetHints":{"allow":["GET"]}}],"collection":[{"href":"https:\/\/smoke.ch\/fr\/wp-json\/wp\/v2\/product"}],"about":[{"href":"https:\/\/smoke.ch\/fr\/wp-json\/wp\/v2\/types\/product"}],"replies":[{"embeddable":true,"href":"https:\/\/smoke.ch\/fr\/wp-json\/wp\/v2\/comments?post=12783"}],"wp:featuredmedia":[{"embeddable":true,"href":"https:\/\/smoke.ch\/fr\/wp-json\/wp\/v2\/media\/12785"}],"wp:attachment":[{"href":"https:\/\/smoke.ch\/fr\/wp-json\/wp\/v2\/media?parent=12783"}],"wp:term":[{"taxonomy":"product_brand","embeddable":true,"href":"https:\/\/smoke.ch\/fr\/wp-json\/wp\/v2\/product_brand?post=12783"},{"taxonomy":"product_cat","embeddable":true,"href":"https:\/\/smoke.ch\/fr\/wp-json\/wp\/v2\/product_cat?post=12783"},{"taxonomy":"product_tag","embeddable":true,"href":"https:\/\/smoke.ch\/fr\/wp-json\/wp\/v2\/product_tag?post=12783"}],"curies":[{"name":"wp","href":"https:\/\/api.w.org\/{rel}","templated":true}]}}