{"id":12858,"date":"2022-03-30T19:56:53","date_gmt":"2022-03-30T19:56:53","guid":{"rendered":"https:\/\/smoke.ch\/product\/romeo-y-julieta-wide-churchill-gran-reserva-2009\/"},"modified":"2025-10-19T12:49:37","modified_gmt":"2025-10-19T12:49:37","slug":"romeo-y-julieta-wide-churchill-gran-reserva-2009","status":"publish","type":"product","link":"https:\/\/smoke.ch\/fr\/produit\/romeo-y-julieta-wide-churchill-gran-reserva-2009\/","title":{"rendered":"Romeo Y Julieta Wide Churchill Gran Reserva 2009"},"content":{"rendered":"<p>Le <strong>cigare<a href=\"https:\/\/smoke.ch\/fr\/categorie-produit\/cigares\/romeo-y-julieta-fr\/\">Romeo y Julieta<\/a> Wide Churchill Gran Reserva<\/strong> a \u00e9t\u00e9 fabriqu\u00e9 en 2009 par<a href=\"https:\/\/www.habanos.com\/en\/\"><strong> Habanos <\/strong><\/a>S.A. a \u00e9t\u00e9 lanc\u00e9 sur le march\u00e9. Depuis, elle jouit d&rsquo;une grande popularit\u00e9 aupr\u00e8s des amateurs de cigares doux et aromatiques.<\/p>\n<p>Comme tout Gran Reserva, ce cigare est<a href=\"https:\/\/smoke.ch\/fr\/categorie-produit\/cigares\/\"><strong> cigare <\/strong><\/a>n&rsquo;est fabriqu\u00e9 qu&rsquo;avec le meilleur tabac, disponible en quantit\u00e9 limit\u00e9e. Cela fait du cigare Romeo y Julieta Wide Churchill Gran Reserva une v\u00e9ritable raret\u00e9, disponible en quantit\u00e9 tr\u00e8s limit\u00e9e.<\/p>\n<p>Ce cigare a suscit\u00e9 de nombreux \u00e9loges dans les cercles de connaisseurs et offre un plaisir de fumer \u00e9quilibr\u00e9, de puissance moyenne, qui ravit aussi bien les fumeurs de cigares exp\u00e9riment\u00e9s que les amateurs.<\/p>\n<p>D\u00e9couvrez par vous-m\u00eame l&rsquo;exclusivit\u00e9 et le go\u00fbt incomparable du cigare Romeo y Julieta Wide Churchill Gran Reserva et offrez-vous un plaisir de fumer tout \u00e0 fait particulier. Commandez d\u00e8s aujourd&rsquo;hui, jusqu&rsquo;\u00e0 \u00e9puisement des stocks !<\/p>\n","protected":false},"excerpt":{"rendered":"<p>Le cigareRomeo y Julieta Wide Churchill Gran Reserva a \u00e9t\u00e9 fabriqu\u00e9 en 2009 par Habanos S.A. a \u00e9t\u00e9 lanc\u00e9 sur le march\u00e9. Depuis, elle jouit d&rsquo;une grande popularit\u00e9 aupr\u00e8s des amateurs de cigares doux et aromatiques. Comme tout Gran Reserva, ce cigare est cigare n&rsquo;est fabriqu\u00e9 qu&rsquo;avec le meilleur tabac, disponible en quantit\u00e9 limit\u00e9e. Cela [&hellip;]<\/p>\n","protected":false},"featured_media":12859,"comment_status":"open","ping_status":"closed","template":"","meta":{"_et_pb_use_builder":"","_et_pb_old_content":"","_et_gb_content_width":""},"product_brand":[],"product_cat":[227,219,226,228],"product_tag":[1014,1099,1080,1124,1123,926,1120,924,1071,1126,242,930],"class_list":{"0":"post-12858","1":"product","2":"type-product","3":"status-publish","4":"has-post-thumbnail","6":"product_cat-caves-a-cigares","7":"product_cat-cigares","8":"product_cat-romeo-y-julieta-fr","9":"product_cat-romeo-y-julieta-fr-2","10":"product_tag-cigare-premium","11":"product_tag-cigares","12":"product_tag-cigares-cubains","13":"product_tag-cigares-cubains-exclusifs","14":"product_tag-cigares-cubains-vintage","15":"product_tag-cigares-en-edition-limitee","16":"product_tag-cigares-habanos","17":"product_tag-cigares-pour-collectionneurs","18":"product_tag-cigares-vintage-fr","19":"product_tag-habanos-fr","20":"product_tag-romeo-y-julieta-fr","21":"product_tag-romeo-y-julieta-wide-churchill-gran-reserva-fr","23":"first","24":"instock","25":"shipping-taxable","26":"purchasable","27":"product-type-variable"},"aioseo_notices":[],"_links":{"self":[{"href":"https:\/\/smoke.ch\/fr\/wp-json\/wp\/v2\/product\/12858","targetHints":{"allow":["GET"]}}],"collection":[{"href":"https:\/\/smoke.ch\/fr\/wp-json\/wp\/v2\/product"}],"about":[{"href":"https:\/\/smoke.ch\/fr\/wp-json\/wp\/v2\/types\/product"}],"replies":[{"embeddable":true,"href":"https:\/\/smoke.ch\/fr\/wp-json\/wp\/v2\/comments?post=12858"}],"wp:featuredmedia":[{"embeddable":true,"href":"https:\/\/smoke.ch\/fr\/wp-json\/wp\/v2\/media\/12859"}],"wp:attachment":[{"href":"https:\/\/smoke.ch\/fr\/wp-json\/wp\/v2\/media?parent=12858"}],"wp:term":[{"taxonomy":"product_brand","embeddable":true,"href":"https:\/\/smoke.ch\/fr\/wp-json\/wp\/v2\/product_brand?post=12858"},{"taxonomy":"product_cat","embeddable":true,"href":"https:\/\/smoke.ch\/fr\/wp-json\/wp\/v2\/product_cat?post=12858"},{"taxonomy":"product_tag","embeddable":true,"href":"https:\/\/smoke.ch\/fr\/wp-json\/wp\/v2\/product_tag?post=12858"}],"curies":[{"name":"wp","href":"https:\/\/api.w.org\/{rel}","templated":true}]}}