{"id":12871,"date":"2022-03-30T19:56:53","date_gmt":"2022-03-30T19:56:53","guid":{"rendered":"https:\/\/smoke.ch\/product\/montecristo-puritos\/"},"modified":"2025-05-09T08:13:37","modified_gmt":"2025-05-09T08:13:37","slug":"montecristo-puritos","status":"publish","type":"product","link":"https:\/\/smoke.ch\/fr\/produit\/montecristo-puritos\/","title":{"rendered":"Montecristo Puritos"},"content":{"rendered":"<div id=\"main-content\">\n<div id=\"et-boc\" class=\"et-boc\">\n<div class=\"et-l et-l--body\">\n<div class=\"et_builder_inner_content et_pb_gutters3 product\">\n<div class=\"et_pb_section et_pb_section_0_tb_body et_section_regular\">\n<div class=\"et_pb_row et_pb_row_2_tb_body\">\n<div class=\"et_pb_column et_pb_column_4_4 et_pb_column_3_tb_body et_pb_css_mix_blend_mode_passthrough et-last-child\">\n<div class=\"et_pb_module et_pb_wc_tabs et_pb_wc_tabs_0_tb_body et_pb_tabs \">\n<div class=\"et_pb_all_tabs\">\n<div class=\"et_pb_tab clearfix et_pb_active_content et-pb-active-slide\">\n<div class=\"et_pb_tab_content\">\n<p>Les <strong>Puritos<a href=\"https:\/\/smoke.ch\/fr\/categorie-produit\/cigares\/montecristo-fr\/\">de Montecristo<\/a><\/strong> sont le choix id\u00e9al pour une pause cigarette rapide entre deux. Ces cigarillos pratiques sont fabriqu\u00e9s \u00e0 partir d&rsquo;un m\u00e9lange de tabac \u00e9quilibr\u00e9 provenant de la r\u00e9gion de culture renomm\u00e9e de Vuelta Abajo et offrent une exp\u00e9rience de tabagisme aromatique.<\/p>\n<p>Les puritos que nous proposons de <a href=\"https:\/\/www.habanos.com\/en\/\"><br \/>\n  <strong>Habanos<\/strong><br \/>\n<\/a> S.A. datent de 2012 et ont \u00e9t\u00e9 soigneusement conserv\u00e9s, ce qui leur a permis de se d\u00e9velopper parfaitement au fil du temps. Une bo\u00eete contient cinq de ces petits, mais reconnaissables <a href=\"https:\/\/smoke.ch\/fr\/categorie-produit\/cigares\/\"><br \/>\n  <strong>cigarillos Montecristo<\/strong><br \/>\n<\/a>.<\/p>\n<p>Profitez maintenant d&rsquo;un petit moment de d\u00e9tente avec les Montecristo Puritos et laissez-vous convaincre par la qualit\u00e9 et le go\u00fbt de ces cigarillos pratiques. Id\u00e9al pour les amateurs de cigares qui appr\u00e9cient une palette d&rsquo;ar\u00f4mes cors\u00e9e m\u00eame lorsqu&rsquo;elle est courte. Commandez d\u00e8s aujourd&rsquo;hui et offrez-vous le plaisir de ces cigarillos raffin\u00e9s !<\/p>\n<\/div>\n<\/div>\n<\/div>\n<\/div>\n<\/div>\n<\/div>\n<\/div>\n<\/div>\n<\/div>\n<\/div>\n<\/div>\n","protected":false},"excerpt":{"rendered":"<p>Les Puritosde Montecristo sont le choix id\u00e9al pour une pause cigarette rapide entre deux. Ces cigarillos pratiques sont fabriqu\u00e9s \u00e0 partir d&rsquo;un m\u00e9lange de tabac \u00e9quilibr\u00e9 provenant de la r\u00e9gion de culture renomm\u00e9e de Vuelta Abajo et offrent une exp\u00e9rience de tabagisme aromatique. Les puritos que nous proposons de Habanos S.A. datent de 2012 et [&hellip;]<\/p>\n","protected":false},"featured_media":12872,"comment_status":"open","ping_status":"closed","template":"","meta":{"_et_pb_use_builder":"","_et_pb_old_content":"","_et_gb_content_width":""},"product_brand":[],"product_cat":[219,224],"product_tag":[1120,1353,1126,861,931],"class_list":{"0":"post-12871","1":"product","2":"type-product","3":"status-publish","4":"has-post-thumbnail","6":"product_cat-cigares","7":"product_cat-montecristo-fr","8":"product_tag-cigares-habanos","9":"product_tag-cigares-montecristo","10":"product_tag-habanos-fr","11":"product_tag-montecristo-fr","12":"product_tag-montecristo-puritos-fr","14":"first","15":"instock","16":"shipping-taxable","17":"purchasable","18":"product-type-simple"},"aioseo_notices":[],"_links":{"self":[{"href":"https:\/\/smoke.ch\/fr\/wp-json\/wp\/v2\/product\/12871","targetHints":{"allow":["GET"]}}],"collection":[{"href":"https:\/\/smoke.ch\/fr\/wp-json\/wp\/v2\/product"}],"about":[{"href":"https:\/\/smoke.ch\/fr\/wp-json\/wp\/v2\/types\/product"}],"replies":[{"embeddable":true,"href":"https:\/\/smoke.ch\/fr\/wp-json\/wp\/v2\/comments?post=12871"}],"wp:featuredmedia":[{"embeddable":true,"href":"https:\/\/smoke.ch\/fr\/wp-json\/wp\/v2\/media\/12872"}],"wp:attachment":[{"href":"https:\/\/smoke.ch\/fr\/wp-json\/wp\/v2\/media?parent=12871"}],"wp:term":[{"taxonomy":"product_brand","embeddable":true,"href":"https:\/\/smoke.ch\/fr\/wp-json\/wp\/v2\/product_brand?post=12871"},{"taxonomy":"product_cat","embeddable":true,"href":"https:\/\/smoke.ch\/fr\/wp-json\/wp\/v2\/product_cat?post=12871"},{"taxonomy":"product_tag","embeddable":true,"href":"https:\/\/smoke.ch\/fr\/wp-json\/wp\/v2\/product_tag?post=12871"}],"curies":[{"name":"wp","href":"https:\/\/api.w.org\/{rel}","templated":true}]}}