{"id":12889,"date":"2022-03-30T19:56:53","date_gmt":"2022-03-30T19:56:53","guid":{"rendered":"https:\/\/smoke.ch\/product\/partagas-serie-p-no-2-vintage-2012-cigare-unique\/"},"modified":"2022-03-30T19:56:53","modified_gmt":"2022-03-30T19:56:53","slug":"partagas-serie-p-no-2-vintage-2012-cigare-unique","status":"publish","type":"product","link":"https:\/\/smoke.ch\/fr\/produit\/partagas-serie-p-no-2-vintage-2012-cigare-unique\/","title":{"rendered":"Partagas Serie P No. 2 \u2013 Vintage 2012 \u2013 Cigare unique"},"content":{"rendered":"<p>Essayez la nouvelle <strong>s\u00e9rie P No. 2 de <a href=\"https:\/\/smoke.ch\/product-category\/zigarren\/partagas\/\">Partagas<\/a><\/strong> \u2013 un piramide puissant qui impressionne par ses riches ar\u00f4mes de torr\u00e9faction. Compar\u00e9 au c\u00e9l\u00e8bre Montecristo Piramide, le Partagas Serie P No. 2 est un peu plus fort et convient donc parfaitement aux fumeurs exp\u00e9riment\u00e9s. <a href=\"https:\/\/smoke.ch\/product-category\/zigarren\/\"><br \/>\n  <strong>amateurs de cigares<\/strong><br \/>\n<\/a>.<\/p>\n<p>Les cigares propos\u00e9s par <a href=\"https:\/\/www.habanos.com\/en\/\"><br \/>\n  <strong>Habanos<\/strong><br \/>\n<\/a> S.A. datent de 2012 et offrent donc une exp\u00e9rience gustative particuli\u00e8re, car ils ont gagn\u00e9 en complexit\u00e9 et en ar\u00f4mes pendant leur maturation. Commandez d\u00e8s maintenant et laissez-vous s\u00e9duire par la qualit\u00e9 incomparable et l&rsquo;exp\u00e9rience de fumer inoubliable de la Partagas Serie P No. 2 ! Offrez-vous le plaisir de ce cigare exquis et d\u00e9couvrez la fascination de la diversit\u00e9 des saveurs de Partagas !<\/p>\n","protected":false},"excerpt":{"rendered":"<p>Essayez la nouvelle s\u00e9rie P No. 2 de Partagas \u2013 un piramide puissant qui impressionne par ses riches ar\u00f4mes de torr\u00e9faction. Compar\u00e9 au c\u00e9l\u00e8bre Montecristo Piramide, le Partagas Serie P No. 2 est un peu plus fort et convient donc parfaitement aux fumeurs exp\u00e9riment\u00e9s. amateurs de cigares . Les cigares propos\u00e9s par Habanos S.A. datent [&hellip;]<\/p>\n","protected":false},"featured_media":12891,"comment_status":"open","ping_status":"closed","template":"","meta":{"_et_pb_use_builder":"","_et_pb_old_content":"","_et_gb_content_width":""},"product_brand":[],"product_cat":[219,225],"product_tag":[802,934],"class_list":{"0":"post-12889","1":"product","2":"type-product","3":"status-publish","4":"has-post-thumbnail","6":"product_cat-cigares","7":"product_cat-partagas-fr","8":"product_tag-partagas-fr","9":"product_tag-partagas-serie-p-no-2-fr","11":"first","12":"instock","13":"shipping-taxable","14":"purchasable","15":"product-type-variable"},"aioseo_notices":[],"_links":{"self":[{"href":"https:\/\/smoke.ch\/fr\/wp-json\/wp\/v2\/product\/12889","targetHints":{"allow":["GET"]}}],"collection":[{"href":"https:\/\/smoke.ch\/fr\/wp-json\/wp\/v2\/product"}],"about":[{"href":"https:\/\/smoke.ch\/fr\/wp-json\/wp\/v2\/types\/product"}],"replies":[{"embeddable":true,"href":"https:\/\/smoke.ch\/fr\/wp-json\/wp\/v2\/comments?post=12889"}],"wp:featuredmedia":[{"embeddable":true,"href":"https:\/\/smoke.ch\/fr\/wp-json\/wp\/v2\/media\/12891"}],"wp:attachment":[{"href":"https:\/\/smoke.ch\/fr\/wp-json\/wp\/v2\/media?parent=12889"}],"wp:term":[{"taxonomy":"product_brand","embeddable":true,"href":"https:\/\/smoke.ch\/fr\/wp-json\/wp\/v2\/product_brand?post=12889"},{"taxonomy":"product_cat","embeddable":true,"href":"https:\/\/smoke.ch\/fr\/wp-json\/wp\/v2\/product_cat?post=12889"},{"taxonomy":"product_tag","embeddable":true,"href":"https:\/\/smoke.ch\/fr\/wp-json\/wp\/v2\/product_tag?post=12889"}],"curies":[{"name":"wp","href":"https:\/\/api.w.org\/{rel}","templated":true}]}}