{"id":12890,"date":"2022-03-30T19:56:53","date_gmt":"2022-03-30T19:56:53","guid":{"rendered":"https:\/\/smoke.ch\/product\/montecristo-edmundo-vintage-2013-cigare-individuel\/"},"modified":"2022-03-30T19:56:53","modified_gmt":"2022-03-30T19:56:53","slug":"montecristo-edmundo-vintage-2013-cigare-individuel","status":"publish","type":"product","link":"https:\/\/smoke.ch\/fr\/produit\/montecristo-edmundo-vintage-2013-cigare-individuel\/","title":{"rendered":"Montecristo Edmundo \u2013 Vintage 2013 \u2013 Cigare individuel"},"content":{"rendered":"<p>D\u00e9couvrez le <strong><a href=\"https:\/\/smoke.ch\/product-category\/zigarren\/montecristo\/\">Montecristo<\/a> Edmundo<\/strong>, un cigare d&rsquo;un nouveau format, un peu plus grand et plus long qu&rsquo;un Robusto. Avec ses saveurs merveilleusement \u00e9quilibr\u00e9es, le Montecristo Edmundo est un plaisir \u00e0 d\u00e9guster m\u00eame quand on est jeune. Les cigares propos\u00e9s proviennent de <a href=\"https:\/\/www.habanos.com\/en\/\"><br \/>\n  <strong>Habanos<\/strong><br \/>\n<\/a> S.A. de 2013 et sont donc d\u00e9j\u00e0 arriv\u00e9s \u00e0 maturit\u00e9 pour vous offrir une exp\u00e9rience de consommation incomparable.<\/p>\n<p>Commandez d\u00e8s aujourd&rsquo;hui et laissez-vous s\u00e9duire par les ar\u00f4mes cors\u00e9s de ce noble cigare. <a href=\"https:\/\/smoke.ch\/product-category\/zigarren\/\"><br \/>\n  <strong>Cigare<\/strong><br \/>\n<\/a> vous s\u00e9duira. Le Montecristo Edmundo est un choix parfait pour les connaisseurs et les amateurs qui recherchent un cigare riche en go\u00fbt et de qualit\u00e9 sup\u00e9rieure. Plongez dans l&rsquo;exp\u00e9rience de d\u00e9gustation du Montecristo Edmundo et vivez la fascination d&rsquo;un cigare magistral.<\/p>\n","protected":false},"excerpt":{"rendered":"<p>D\u00e9couvrez le Montecristo Edmundo, un cigare d&rsquo;un nouveau format, un peu plus grand et plus long qu&rsquo;un Robusto. Avec ses saveurs merveilleusement \u00e9quilibr\u00e9es, le Montecristo Edmundo est un plaisir \u00e0 d\u00e9guster m\u00eame quand on est jeune. Les cigares propos\u00e9s proviennent de Habanos S.A. de 2013 et sont donc d\u00e9j\u00e0 arriv\u00e9s \u00e0 maturit\u00e9 pour vous offrir [&hellip;]<\/p>\n","protected":false},"featured_media":12896,"comment_status":"open","ping_status":"closed","template":"","meta":{"_et_pb_use_builder":"","_et_pb_old_content":"","_et_gb_content_width":""},"product_brand":[],"product_cat":[219,224],"product_tag":[861,935],"class_list":{"0":"post-12890","1":"product","2":"type-product","3":"status-publish","4":"has-post-thumbnail","6":"product_cat-cigares","7":"product_cat-montecristo-fr","8":"product_tag-montecristo-fr","9":"product_tag-montecristo-edmundo-fr","11":"first","12":"instock","13":"shipping-taxable","14":"purchasable","15":"product-type-variable"},"aioseo_notices":[],"_links":{"self":[{"href":"https:\/\/smoke.ch\/fr\/wp-json\/wp\/v2\/product\/12890","targetHints":{"allow":["GET"]}}],"collection":[{"href":"https:\/\/smoke.ch\/fr\/wp-json\/wp\/v2\/product"}],"about":[{"href":"https:\/\/smoke.ch\/fr\/wp-json\/wp\/v2\/types\/product"}],"replies":[{"embeddable":true,"href":"https:\/\/smoke.ch\/fr\/wp-json\/wp\/v2\/comments?post=12890"}],"wp:featuredmedia":[{"embeddable":true,"href":"https:\/\/smoke.ch\/fr\/wp-json\/wp\/v2\/media\/12896"}],"wp:attachment":[{"href":"https:\/\/smoke.ch\/fr\/wp-json\/wp\/v2\/media?parent=12890"}],"wp:term":[{"taxonomy":"product_brand","embeddable":true,"href":"https:\/\/smoke.ch\/fr\/wp-json\/wp\/v2\/product_brand?post=12890"},{"taxonomy":"product_cat","embeddable":true,"href":"https:\/\/smoke.ch\/fr\/wp-json\/wp\/v2\/product_cat?post=12890"},{"taxonomy":"product_tag","embeddable":true,"href":"https:\/\/smoke.ch\/fr\/wp-json\/wp\/v2\/product_tag?post=12890"}],"curies":[{"name":"wp","href":"https:\/\/api.w.org\/{rel}","templated":true}]}}