{"id":12920,"date":"2022-03-30T19:56:53","date_gmt":"2022-03-30T19:56:53","guid":{"rendered":"https:\/\/smoke.ch\/product\/el-conde-de-santiago-robustos\/"},"modified":"2022-03-30T19:56:53","modified_gmt":"2022-03-30T19:56:53","slug":"el-conde-de-santiago-robustos","status":"publish","type":"product","link":"https:\/\/smoke.ch\/fr\/produit\/el-conde-de-santiago-robustos\/","title":{"rendered":"El Conde De Santiago \u2013 Robustos"},"content":{"rendered":"<p>Le Robusto de <a href=\"https:\/\/smoke.ch\/product-category\/zigarren\/el-conde-de-santiago-zigarren\/\"><br \/>\n  <strong>El Conde de Santiago<\/strong><br \/>\n<\/a> est une cr\u00e9ation exclusive de la maison. Nous s\u00e9lectionnons soigneusement les tabacs bruts, qui sont ensuite affin\u00e9s pendant au moins deux \u00e0 trois ans avant d&rsquo;\u00eatre transform\u00e9s. Pour cette sp\u00e9ciale <a href=\"https:\/\/smoke.ch\/product-category\/zigarren\/\"><br \/>\n  <strong>cigare<\/strong><br \/>\n<\/a> d&rsquo;El Conde de Santiago, seuls les meilleurs tabacs bruts de la prestigieuse r\u00e9gion de <strong>Vuelta Abajo<\/strong> \u00e0 Pinar del Rio sont utilis\u00e9s.<\/p>\n<p>Go\u00fbtez maintenant ce cigare unique de notre propre production et d\u00e9couvrez le go\u00fbt et la qualit\u00e9 incomparables d&rsquo;El Conde de Santiago. Avec ses ar\u00f4mes de tabac s\u00e9lectionn\u00e9s et son artisanat minutieux, ce robusto promet une exp\u00e9rience de tabagisme inoubliable. Profitez de l&rsquo;exclusivit\u00e9 et de la perfection que renferme chaque cigare El Conde de Santiago, un compl\u00e9ment riche pour chaque <a href=\"https:\/\/smoke.ch\/product-category\/zigarren\/el-conde-de-santiago-zigarren\/\"><br \/>\n  <strong>Humidor<\/strong><br \/>\n<\/a>.<\/p>\n","protected":false},"excerpt":{"rendered":"<p>Le Robusto de El Conde de Santiago est une cr\u00e9ation exclusive de la maison. Nous s\u00e9lectionnons soigneusement les tabacs bruts, qui sont ensuite affin\u00e9s pendant au moins deux \u00e0 trois ans avant d&rsquo;\u00eatre transform\u00e9s. Pour cette sp\u00e9ciale cigare d&rsquo;El Conde de Santiago, seuls les meilleurs tabacs bruts de la prestigieuse r\u00e9gion de Vuelta Abajo \u00e0 [&hellip;]<\/p>\n","protected":false},"featured_media":12926,"comment_status":"open","ping_status":"closed","template":"","meta":{"_et_pb_use_builder":"","_et_pb_old_content":"","_et_gb_content_width":""},"product_brand":[],"product_cat":[219,223],"product_tag":[939,940],"class_list":{"0":"post-12920","1":"product","2":"type-product","3":"status-publish","4":"has-post-thumbnail","6":"product_cat-cigares","7":"product_cat-el-conde-de-santiago-fr","8":"product_tag-el-conde-de-santiago-fr","9":"product_tag-el-conde-de-santiago-robustos-fr","11":"first","12":"instock","13":"shipping-taxable","14":"purchasable","15":"product-type-variable"},"aioseo_notices":[],"_links":{"self":[{"href":"https:\/\/smoke.ch\/fr\/wp-json\/wp\/v2\/product\/12920","targetHints":{"allow":["GET"]}}],"collection":[{"href":"https:\/\/smoke.ch\/fr\/wp-json\/wp\/v2\/product"}],"about":[{"href":"https:\/\/smoke.ch\/fr\/wp-json\/wp\/v2\/types\/product"}],"replies":[{"embeddable":true,"href":"https:\/\/smoke.ch\/fr\/wp-json\/wp\/v2\/comments?post=12920"}],"wp:featuredmedia":[{"embeddable":true,"href":"https:\/\/smoke.ch\/fr\/wp-json\/wp\/v2\/media\/12926"}],"wp:attachment":[{"href":"https:\/\/smoke.ch\/fr\/wp-json\/wp\/v2\/media?parent=12920"}],"wp:term":[{"taxonomy":"product_brand","embeddable":true,"href":"https:\/\/smoke.ch\/fr\/wp-json\/wp\/v2\/product_brand?post=12920"},{"taxonomy":"product_cat","embeddable":true,"href":"https:\/\/smoke.ch\/fr\/wp-json\/wp\/v2\/product_cat?post=12920"},{"taxonomy":"product_tag","embeddable":true,"href":"https:\/\/smoke.ch\/fr\/wp-json\/wp\/v2\/product_tag?post=12920"}],"curies":[{"name":"wp","href":"https:\/\/api.w.org\/{rel}","templated":true}]}}