{"id":12948,"date":"2022-03-30T19:56:52","date_gmt":"2022-03-30T19:56:52","guid":{"rendered":"https:\/\/smoke.ch\/product\/el-conde-de-santiago-piramide\/"},"modified":"2022-03-30T19:56:52","modified_gmt":"2022-03-30T19:56:52","slug":"el-conde-de-santiago-piramide","status":"publish","type":"product","link":"https:\/\/smoke.ch\/fr\/produit\/el-conde-de-santiago-piramide\/","title":{"rendered":"El Conde De Santiago Piramide"},"content":{"rendered":"<p>D\u00e9couvrez l&rsquo;exclusif <strong><a href=\"https:\/\/smoke.ch\/product-category\/zigarren\/el-conde-de-santiago-zigarren\/\">El Conde De Santiago<\/a> Piramide<\/strong>, une cr\u00e9ation maison \u00e0 base de tabacs bruts tri\u00e9s sur le volet. Nos ma\u00eetres tabacologues exp\u00e9riment\u00e9s ont soigneusement s\u00e9lectionn\u00e9 uniquement les meilleurs tabacs bruts, qui ont m\u00fbri pendant au moins 2 \u00e0 3 ans avant d&rsquo;\u00eatre transform\u00e9s en cigare. Cette longue maturation lui conf\u00e8re un ar\u00f4me incomparable et un go\u00fbt cors\u00e9 qui font de chaque bouff\u00e9e un v\u00e9ritable plaisir.<\/p>\n<p>Ce <a href=\"https:\/\/smoke.ch\/product-category\/zigarren\/\"><br \/>\n  <strong>cigare<\/strong><br \/>\n<\/a> est produit en petites quantit\u00e9s afin de garantir une qualit\u00e9 et une exclusivit\u00e9 maximales. Chaque cigare est fabriqu\u00e9 avec soin et pr\u00e9cision afin de garantir qu&rsquo;il r\u00e9ponde aux exigences \u00e9lev\u00e9es de nos clients les plus exigeants.<\/p>\n<p>Savourez l&rsquo;un des meilleurs cigares que vous ayez jamais go\u00fbt\u00e9s \u2013 El Conde De Santiago Piramiede. Plongez dans un monde d&rsquo;ar\u00f4mes d\u00e9licats et d\u00e9couvrez le go\u00fbt unique qui fait de ce cigare quelque chose de tr\u00e8s sp\u00e9cial, un compl\u00e9ment riche pour chaque<a href=\"https:\/\/smoke.ch\/product-category\/zigarren\/el-conde-de-santiago-zigarren\/\"><br \/>\n  <strong> Humidor<\/strong><br \/>\n<\/a>.<\/p>\n","protected":false},"excerpt":{"rendered":"<p>D\u00e9couvrez l&rsquo;exclusif El Conde De Santiago Piramide, une cr\u00e9ation maison \u00e0 base de tabacs bruts tri\u00e9s sur le volet. Nos ma\u00eetres tabacologues exp\u00e9riment\u00e9s ont soigneusement s\u00e9lectionn\u00e9 uniquement les meilleurs tabacs bruts, qui ont m\u00fbri pendant au moins 2 \u00e0 3 ans avant d&rsquo;\u00eatre transform\u00e9s en cigare. Cette longue maturation lui conf\u00e8re un ar\u00f4me incomparable et [&hellip;]<\/p>\n","protected":false},"featured_media":12954,"comment_status":"open","ping_status":"closed","template":"","meta":{"_et_pb_use_builder":"","_et_pb_old_content":"","_et_gb_content_width":""},"product_brand":[],"product_cat":[219,223],"product_tag":[939,944],"class_list":{"0":"post-12948","1":"product","2":"type-product","3":"status-publish","4":"has-post-thumbnail","6":"product_cat-cigares","7":"product_cat-el-conde-de-santiago-fr","8":"product_tag-el-conde-de-santiago-fr","9":"product_tag-el-conde-de-santiago-piramide-fr","11":"first","12":"instock","13":"shipping-taxable","14":"purchasable","15":"product-type-variable"},"aioseo_notices":[],"_links":{"self":[{"href":"https:\/\/smoke.ch\/fr\/wp-json\/wp\/v2\/product\/12948","targetHints":{"allow":["GET"]}}],"collection":[{"href":"https:\/\/smoke.ch\/fr\/wp-json\/wp\/v2\/product"}],"about":[{"href":"https:\/\/smoke.ch\/fr\/wp-json\/wp\/v2\/types\/product"}],"replies":[{"embeddable":true,"href":"https:\/\/smoke.ch\/fr\/wp-json\/wp\/v2\/comments?post=12948"}],"wp:featuredmedia":[{"embeddable":true,"href":"https:\/\/smoke.ch\/fr\/wp-json\/wp\/v2\/media\/12954"}],"wp:attachment":[{"href":"https:\/\/smoke.ch\/fr\/wp-json\/wp\/v2\/media?parent=12948"}],"wp:term":[{"taxonomy":"product_brand","embeddable":true,"href":"https:\/\/smoke.ch\/fr\/wp-json\/wp\/v2\/product_brand?post=12948"},{"taxonomy":"product_cat","embeddable":true,"href":"https:\/\/smoke.ch\/fr\/wp-json\/wp\/v2\/product_cat?post=12948"},{"taxonomy":"product_tag","embeddable":true,"href":"https:\/\/smoke.ch\/fr\/wp-json\/wp\/v2\/product_tag?post=12948"}],"curies":[{"name":"wp","href":"https:\/\/api.w.org\/{rel}","templated":true}]}}