{"id":12976,"date":"2022-03-30T19:56:52","date_gmt":"2022-03-30T19:56:52","guid":{"rendered":"https:\/\/smoke.ch\/product\/cohiba-bhk-behike-54-vintage-2012-cigare-unique\/"},"modified":"2025-03-22T11:46:44","modified_gmt":"2025-03-22T11:46:44","slug":"cohiba-bhk-behike-54-vintage-2012-cigare-unique","status":"publish","type":"product","link":"https:\/\/smoke.ch\/fr\/produit\/cohiba-bhk-behike-54-vintage-2012-cigare-unique\/","title":{"rendered":"Cohiba BHK Behike 54 \u2013 Vintage 2012 \u2013 Cigare unique"},"content":{"rendered":"<div class=\"flex-1 overflow-hidden\">\n<div class=\"react-scroll-to-bottom--css-pusiv-79elbk h-full dark:bg-gray-800\">\n<div class=\"react-scroll-to-bottom--css-pusiv-1n7m0yu\">\n<div class=\"flex flex-col text-sm dark:bg-gray-800\">\n<div class=\"group w-full text-gray-800 dark:text-gray-100 border-b border-black\/10 dark:border-gray-900\/50 bg-gray-50 dark:bg-[#444654]\">\n<div class=\"flex p-4 gap-4 text-base md:gap-6 md:max-w-2xl lg:max-w-[38rem] xl:max-w-3xl md:py-6 lg:px-0 m-auto\">\n<div class=\"relative flex w-[calc(100%-50px)] flex-col gap-1 md:gap-3 lg:w-[calc(100%-115px)]\">\n<div class=\"flex flex-grow flex-col gap-3\">\n<div class=\"min-h-[20px] flex items-start overflow-x-auto whitespace-pre-wrap break-words flex-col gap-4\">\n<div class=\"markdown prose w-full break-words dark:prose-invert light\">\n<p>Le secret le mieux gard\u00e9 de Cohiba a \u00e9t\u00e9 annonc\u00e9 en 2010 lors du 12e Festival del Habano en tant que nouvelle ligne exclusive. Le site <a href=\"https:\/\/smoke.ch\/fr\/categorie-produit\/cigares\/cohiba-fr\/\"><br \/>\n  <strong>Cohiba Behike<\/strong><br \/>\n<\/a>Disponible en trois formats (BHK 52, BHK 54 et BHK 56), elle est produite et commercialis\u00e9e chaque ann\u00e9e en nombre extr\u00eamement limit\u00e9.<\/p>\n<p>Le Cohiba BHK 54 de la <strong>ligne<\/strong> exclusive <strong>Behike de <a href=\"https:\/\/www.habanos.com\/en\/\">Habanos<\/a> S.A.<\/strong> est un cigare<a href=\"https:\/\/smoke.ch\/fr\/categorie-produit\/cigares\/\"><strong> cigare<\/strong> <\/a>avec une production limit\u00e9e. Avec son go\u00fbt extraordinairement dense et intense, il est consid\u00e9r\u00e9 comme l&rsquo;un des meilleurs cigares sur le march\u00e9. N&rsquo;h\u00e9sitez plus et procurez-vous d\u00e8s maintenant ce cigare vintage exclusif pour profiter d&rsquo;une exp\u00e9rience tabagique inoubliable. Plongez dans le monde de Cohiba Behike et d\u00e9couvrez la qualit\u00e9 et le go\u00fbt uniques que ce cigare a \u00e0 offrir !<\/p>\n<\/div>\n<\/div>\n<\/div>\n<div class=\"flex justify-between lg:block\">\n<div class=\"text-gray-400 flex self-end lg:self-center justify-center mt-2 gap-2 md:gap-3 lg:gap-1 lg:absolute lg:top-0 lg:translate-x-full lg:right-0 lg:mt-0 lg:pl-2 visible\">\n<p>&nbsp;<\/p>\n<div class=\"flex gap-1\"><\/div>\n<\/div>\n<\/div>\n<\/div>\n<\/div>\n<\/div>\n<div class=\"h-32 md:h-48 flex-shrink-0\"><\/div>\n<p>&nbsp;<\/p>\n<\/div>\n<\/div>\n<\/div>\n<\/div>\n<div class=\"absolute bottom-0 left-0 w-full border-t md:border-t-0 dark:border-white\/20 md:border-transparent md:dark:border-transparent md:bg-vert-light-gradient bg-white dark:bg-gray-800 md:!bg-transparent dark:md:bg-vert-dark-gradient pt-2 md:pl-2 md:w-[calc(100%-.5rem)]\">\n<form class=\"stretch mx-2 flex flex-row gap-3 last:mb-2 md:mx-4 md:last:mb-6 lg:mx-auto lg:max-w-2xl xl:max-w-3xl\">\n<div class=\"relative flex h-full flex-1 items-stretch md:flex-col\" role=\"presentation\">\n<div>\n<div class=\"h-full flex ml-1 md:w-full md:m-auto md:mb-4 gap-0 md:gap-2 justify-center\"><\/div>\n<\/div>\n<\/div>\n<\/form>\n<\/div>\n<p>&nbsp;<\/p>\n","protected":false},"excerpt":{"rendered":"<p>Le secret le mieux gard\u00e9 de Cohiba a \u00e9t\u00e9 annonc\u00e9 en 2010 lors du 12e Festival del Habano en tant que nouvelle ligne exclusive. Le site Cohiba Behike Disponible en trois formats (BHK 52, BHK 54 et BHK 56), elle est produite et commercialis\u00e9e chaque ann\u00e9e en nombre extr\u00eamement limit\u00e9. Le Cohiba BHK 54 de [&hellip;]<\/p>\n","protected":false},"featured_media":12978,"comment_status":"open","ping_status":"closed","template":"","meta":{"_et_pb_use_builder":"","_et_pb_old_content":"","_et_gb_content_width":""},"product_brand":[],"product_cat":[222],"product_tag":[1014,1099,1119,1080,1124,1123,926,1120,924,1026,881,801,239,871,876,1169,1126],"class_list":{"0":"post-12976","1":"product","2":"type-product","3":"status-publish","4":"has-post-thumbnail","6":"product_cat-non-classe","7":"product_tag-cigare-premium","8":"product_tag-cigares","9":"product_tag-cigares-cohiba","10":"product_tag-cigares-cubains","11":"product_tag-cigares-cubains-exclusifs","12":"product_tag-cigares-cubains-vintage","13":"product_tag-cigares-en-edition-limitee","14":"product_tag-cigares-habanos","15":"product_tag-cigares-pour-collectionneurs","16":"product_tag-cigares-rares-fr","17":"product_tag-cigares-vintage","18":"product_tag-cohiba-fr","19":"product_tag-cohiba-behike-fr","20":"product_tag-cohiba-bhk-fr","21":"product_tag-cohiba-bhk-54-fr","22":"product_tag-cohiba-bhk54-fr","23":"product_tag-habanos-fr","25":"first","26":"instock","27":"shipping-taxable","28":"purchasable","29":"product-type-variable"},"aioseo_notices":[],"_links":{"self":[{"href":"https:\/\/smoke.ch\/fr\/wp-json\/wp\/v2\/product\/12976","targetHints":{"allow":["GET"]}}],"collection":[{"href":"https:\/\/smoke.ch\/fr\/wp-json\/wp\/v2\/product"}],"about":[{"href":"https:\/\/smoke.ch\/fr\/wp-json\/wp\/v2\/types\/product"}],"replies":[{"embeddable":true,"href":"https:\/\/smoke.ch\/fr\/wp-json\/wp\/v2\/comments?post=12976"}],"wp:featuredmedia":[{"embeddable":true,"href":"https:\/\/smoke.ch\/fr\/wp-json\/wp\/v2\/media\/12978"}],"wp:attachment":[{"href":"https:\/\/smoke.ch\/fr\/wp-json\/wp\/v2\/media?parent=12976"}],"wp:term":[{"taxonomy":"product_brand","embeddable":true,"href":"https:\/\/smoke.ch\/fr\/wp-json\/wp\/v2\/product_brand?post=12976"},{"taxonomy":"product_cat","embeddable":true,"href":"https:\/\/smoke.ch\/fr\/wp-json\/wp\/v2\/product_cat?post=12976"},{"taxonomy":"product_tag","embeddable":true,"href":"https:\/\/smoke.ch\/fr\/wp-json\/wp\/v2\/product_tag?post=12976"}],"curies":[{"name":"wp","href":"https:\/\/api.w.org\/{rel}","templated":true}]}}