{"id":12977,"date":"2022-03-30T19:56:52","date_gmt":"2022-03-30T19:56:52","guid":{"rendered":"https:\/\/smoke.ch\/product\/el-conde-de-santiago-special\/"},"modified":"2022-03-30T19:56:52","modified_gmt":"2022-03-30T19:56:52","slug":"el-conde-de-santiago-special","status":"publish","type":"product","link":"https:\/\/smoke.ch\/fr\/produit\/el-conde-de-santiago-special\/","title":{"rendered":"El Conde De Santiago \u2013 Sp\u00e9cial"},"content":{"rendered":"<p>Le cigare Especial de<a href=\"https:\/\/smoke.ch\/product-category\/zigarren\/\"><br \/>\n  <strong> El Conde de Santiago<\/strong><br \/>\n<\/a> est une cr\u00e9ation exclusive produite en petites quantit\u00e9s. De plus, nous ne s\u00e9lectionnons que les meilleurs tabacs bruts et les stockons au moins deux \u00e0 trois ans avant de les traiter. Ce proc\u00e9d\u00e9 complexe nous permet de garantir une qualit\u00e9 exceptionnelle qui se ressent \u00e0 chaque coup.<\/p>\n<p>Ce cigare artisanal <a href=\"https:\/\/smoke.ch\/product-category\/zigarren\/\"><br \/>\n  <strong>cigare<\/strong><br \/>\n<\/a> offre un ar\u00f4me complexe avec des notes harmonieuses de bois, d&rsquo;\u00e9pices et de caf\u00e9 qui en font une exp\u00e9rience gustative unique.<\/p>\n<p>Essayez maintenant le cigare Especial d&rsquo;El Conde de Santiago et profitez de l&rsquo;artisanat magistral et des vari\u00e9t\u00e9s de tabac soigneusement s\u00e9lectionn\u00e9es qui font de ce cigare quelque chose de tr\u00e8s sp\u00e9cial. D\u00e9couvrez la qualit\u00e9 et le go\u00fbt incomparables de ce cigare exclusif, un compl\u00e9ment riche pour chaque <a href=\"https:\/\/smoke.ch\/product-category\/zigarren\/el-conde-de-santiago-zigarren\/\"><br \/>\n  <strong>Humidor<\/strong><br \/>\n<\/a>.<\/p>\n","protected":false},"excerpt":{"rendered":"<p>Le cigare Especial de El Conde de Santiago est une cr\u00e9ation exclusive produite en petites quantit\u00e9s. De plus, nous ne s\u00e9lectionnons que les meilleurs tabacs bruts et les stockons au moins deux \u00e0 trois ans avant de les traiter. Ce proc\u00e9d\u00e9 complexe nous permet de garantir une qualit\u00e9 exceptionnelle qui se ressent \u00e0 chaque coup. [&hellip;]<\/p>\n","protected":false},"featured_media":12982,"comment_status":"open","ping_status":"closed","template":"","meta":{"_et_pb_use_builder":"","_et_pb_old_content":"","_et_gb_content_width":""},"product_brand":[],"product_cat":[219,223],"product_tag":[939,946],"class_list":{"0":"post-12977","1":"product","2":"type-product","3":"status-publish","4":"has-post-thumbnail","6":"product_cat-cigares","7":"product_cat-el-conde-de-santiago-fr","8":"product_tag-el-conde-de-santiago-fr","9":"product_tag-el-conde-de-santiago-especial-fr","11":"first","12":"instock","13":"shipping-taxable","14":"purchasable","15":"product-type-variable"},"aioseo_notices":[],"_links":{"self":[{"href":"https:\/\/smoke.ch\/fr\/wp-json\/wp\/v2\/product\/12977","targetHints":{"allow":["GET"]}}],"collection":[{"href":"https:\/\/smoke.ch\/fr\/wp-json\/wp\/v2\/product"}],"about":[{"href":"https:\/\/smoke.ch\/fr\/wp-json\/wp\/v2\/types\/product"}],"replies":[{"embeddable":true,"href":"https:\/\/smoke.ch\/fr\/wp-json\/wp\/v2\/comments?post=12977"}],"wp:featuredmedia":[{"embeddable":true,"href":"https:\/\/smoke.ch\/fr\/wp-json\/wp\/v2\/media\/12982"}],"wp:attachment":[{"href":"https:\/\/smoke.ch\/fr\/wp-json\/wp\/v2\/media?parent=12977"}],"wp:term":[{"taxonomy":"product_brand","embeddable":true,"href":"https:\/\/smoke.ch\/fr\/wp-json\/wp\/v2\/product_brand?post=12977"},{"taxonomy":"product_cat","embeddable":true,"href":"https:\/\/smoke.ch\/fr\/wp-json\/wp\/v2\/product_cat?post=12977"},{"taxonomy":"product_tag","embeddable":true,"href":"https:\/\/smoke.ch\/fr\/wp-json\/wp\/v2\/product_tag?post=12977"}],"curies":[{"name":"wp","href":"https:\/\/api.w.org\/{rel}","templated":true}]}}