{"id":13022,"date":"2022-03-30T19:56:52","date_gmt":"2022-03-30T19:56:52","guid":{"rendered":"https:\/\/smoke.ch\/product\/bolivar-royal-coronas-tubos-cigare-unique-vintage-2012\/"},"modified":"2022-03-30T19:56:52","modified_gmt":"2022-03-30T19:56:52","slug":"bolivar-royal-coronas-tubos-cigare-unique-vintage-2012","status":"publish","type":"product","link":"https:\/\/smoke.ch\/fr\/produit\/bolivar-royal-coronas-tubos-cigare-unique-vintage-2012\/","title":{"rendered":"Bolivar Royal Coronas Tubos \u2013 Cigare unique \u2013 Vintage 2012"},"content":{"rendered":"<p>Les cigares <strong><a href=\"https:\/\/smoke.ch\/product-category\/zigarren\/bolivar\/\">Bolivar<\/a> Royal Coronas Tubos<\/strong> sont sans aucun doute un excellent choix pour tous les <a href=\"https:\/\/smoke.ch\/product-category\/zigarren\/\"><br \/>\n  <strong>amateur de cigares<\/strong><br \/>\n<\/a>Le Bolivar Bol\u00edvar est un cigare de qualit\u00e9 sup\u00e9rieure, qui offre des notes de terre et un go\u00fbt de robusto plut\u00f4t doux.<\/p>\n<p>Ce cigare offre un ar\u00f4me \u00e9quilibr\u00e9, o\u00f9 le doux go\u00fbt du tabac se m\u00eale harmonieusement \u00e0 de fortes notes terreuses. Il est int\u00e9ressant de noter que les Royal Coronas s&rsquo;appelaient auparavant Prince Charles et qu&rsquo;ils ont \u00e9t\u00e9 rebaptis\u00e9s au milieu des ann\u00e9es 70 avant de prendre leur nom actuel. Les Royal Coronas propos\u00e9es par <a href=\"https:\/\/www.habanos.com\/en\/\"><br \/>\n  <strong>Habanos<\/strong><br \/>\n<\/a> S.A. datent de 2012 et sont donc m\u00fbres et parfaitement conserv\u00e9es.<\/p>\n<p>Si vous souhaitez vivre une exp\u00e9rience tabagique parfaite, n&rsquo;h\u00e9sitez pas \u00e0 commander d\u00e8s maintenant un paquet de cigares Bolivar Royal Coronas Tubos. Plongez dans le plaisir de ce merveilleux cigare et laissez-vous envo\u00fbter par son go\u00fbt exquis !<\/p>\n","protected":false},"excerpt":{"rendered":"<p>Les cigares Bolivar Royal Coronas Tubos sont sans aucun doute un excellent choix pour tous les amateur de cigares Le Bolivar Bol\u00edvar est un cigare de qualit\u00e9 sup\u00e9rieure, qui offre des notes de terre et un go\u00fbt de robusto plut\u00f4t doux. Ce cigare offre un ar\u00f4me \u00e9quilibr\u00e9, o\u00f9 le doux go\u00fbt du tabac se m\u00eale [&hellip;]<\/p>\n","protected":false},"featured_media":13025,"comment_status":"open","ping_status":"closed","template":"","meta":{"_et_pb_use_builder":"off","_et_pb_old_content":"Un rousto plut\u00f4t doux, aux ar\u00f4mes doux et \u00e9quilibr\u00e9s. La saveur douce du tabac se m\u00eale \u00e0 de fortes notes terreuses. Le cigare s'appelait auparavant \"Prince Charles\" et a \u00e9t\u00e9 rebaptis\u00e9 Royal Coronas au milieu des ann\u00e9es 70. Les Royal Coronas propos\u00e9es datent de 2012.","_et_gb_content_width":""},"product_brand":[],"product_cat":[221,219],"product_tag":[809,854],"class_list":{"0":"post-13022","1":"product","2":"type-product","3":"status-publish","4":"has-post-thumbnail","6":"product_cat-bolivar-fr","7":"product_cat-cigares","8":"product_tag-bolivar-fr","9":"product_tag-bolivar-royal-coronas-fr","11":"first","12":"outofstock","13":"shipping-taxable","14":"purchasable","15":"product-type-variable"},"aioseo_notices":[],"_links":{"self":[{"href":"https:\/\/smoke.ch\/fr\/wp-json\/wp\/v2\/product\/13022","targetHints":{"allow":["GET"]}}],"collection":[{"href":"https:\/\/smoke.ch\/fr\/wp-json\/wp\/v2\/product"}],"about":[{"href":"https:\/\/smoke.ch\/fr\/wp-json\/wp\/v2\/types\/product"}],"replies":[{"embeddable":true,"href":"https:\/\/smoke.ch\/fr\/wp-json\/wp\/v2\/comments?post=13022"}],"wp:featuredmedia":[{"embeddable":true,"href":"https:\/\/smoke.ch\/fr\/wp-json\/wp\/v2\/media\/13025"}],"wp:attachment":[{"href":"https:\/\/smoke.ch\/fr\/wp-json\/wp\/v2\/media?parent=13022"}],"wp:term":[{"taxonomy":"product_brand","embeddable":true,"href":"https:\/\/smoke.ch\/fr\/wp-json\/wp\/v2\/product_brand?post=13022"},{"taxonomy":"product_cat","embeddable":true,"href":"https:\/\/smoke.ch\/fr\/wp-json\/wp\/v2\/product_cat?post=13022"},{"taxonomy":"product_tag","embeddable":true,"href":"https:\/\/smoke.ch\/fr\/wp-json\/wp\/v2\/product_tag?post=13022"}],"curies":[{"name":"wp","href":"https:\/\/api.w.org\/{rel}","templated":true}]}}