{"id":13077,"date":"2024-10-23T13:36:14","date_gmt":"2024-10-23T13:36:14","guid":{"rendered":"https:\/\/smoke.ch\/product\/cohiba-lanceros-coffret-diplomatique\/"},"modified":"2025-03-22T10:42:48","modified_gmt":"2025-03-22T10:42:48","slug":"cohiba-lanceros-coffret-diplomatique","status":"publish","type":"product","link":"https:\/\/smoke.ch\/fr\/produit\/cohiba-lanceros-coffret-diplomatique\/","title":{"rendered":"Cohiba Lanceros \u2013 Coffret diplomatique"},"content":{"rendered":"<p>Un mythe vivant de l&rsquo;histoire du cigare cubain : le Lancero est consid\u00e9r\u00e9 comme le premier <a href=\"https:\/\/smoke.ch\/fr\/categorie-produit\/cigares\/cohiba-fr\/\"><strong>Cigare Cohiba<\/strong><\/a> et raconte ainsi les origines de la manufacture de tabac aujourd&rsquo;hui la plus l\u00e9gendaire au monde.<br \/>\nDans les ann\u00e9es 1960, le garde du corps de Fidel Castro, Bienvenido \u00ab\u00a0Chicho\u00a0\u00bb P\u00e9rez, lui a offert un <a href=\"https:\/\/smoke.ch\/fr\/categorie-produit\/cigares\/\"><strong>cigare parfum\u00e9<\/strong><\/a> dans un format inhabituel, et Castro est imm\u00e9diatement tomb\u00e9 sous le charme de ce go\u00fbt exceptionnel. Peu apr\u00e8s, il rencontra Eduardo Rivera, un torcedor ami de son garde du corps, qui devint le rouleur de cigares personnel de Castro. D&rsquo;abord exclusivement destin\u00e9 \u00e0 \u00eatre offert aux invit\u00e9s de l&rsquo;\u00c9tat cubain et aux diplomates de haut rang, Rivera a fond\u00e9 en 1964 une petite manufacture \u2013 le pr\u00e9curseur de la c\u00e9l\u00e8bre <a href=\"https:\/\/smoke.ch\/fr\/categorie-produit\/caves-a-cigares\/cohiba-fr-2\/\"><strong>El Laguito \u00e0 La Havane<\/strong><\/a>. Huit rouleuses de cigares tri\u00e9es sur le volet y travaillaient, dont Norma Fern\u00e1ndez, qui a donn\u00e9 naissance au nom Cohiba en 1966 \u2013 posant ainsi la premi\u00e8re pierre d&rsquo;une marque unique de <a href=\"https:\/\/www.habanos.com\/en\/\"><strong>Habanos S.A.<\/strong><\/a> a \u00e9t\u00e9 cr\u00e9\u00e9e.   <\/p>\n<p>Avec une longueur impressionnante de pr\u00e8s de 20 cm et une taille de bague mince de 38, le format Lancero est sans aucun doute le plus frappant et le plus extravagant de la c\u00e9l\u00e8bre L\u00ednea Cl\u00e1sica de Cohiba. Le savoir-faire unique au monde en mati\u00e8re de qualit\u00e9 et de traitement se refl\u00e8te dans chaque bouff\u00e9e des Lanceros : les feuilles de tabac soigneusement s\u00e9lectionn\u00e9es dans la prestigieuse province de Vuelta Abajo sont soumises \u00e0 une triple fermentation pour la L\u00ednea Cl\u00e1sica, ce qui r\u00e9v\u00e8le des ar\u00f4mes incroyablement fins, authentiques et intenses \u00e0 la fois. <\/p>\n<p>Le Lancero prouve \u00e0 chaque bouff\u00e9e qu&rsquo;une cr\u00e9ation cubaine de cette taille n&rsquo;a pas besoin d&rsquo;\u00eatre trop lourde \u2013 aucune lourdeur \u00e9crasante n&rsquo;est pr\u00e9sente ici. Un plaisir tr\u00e8s complexe de premi\u00e8re classe, auquel Fidel Castro n&rsquo;\u00e9tait pas le seul \u00e0 succomber. Aujourd&rsquo;hui encore, la <a href=\"https:\/\/smoke.ch\/fr\/categorie-produit\/cigares\/cohiba-fr\/\"><strong>cette Cohiba<\/strong> <\/a>une aura \u00e9litiste et incarne sans doute la d\u00e9claration la plus l\u00e9gendaire du plaisir du cigare, qui ne cesse de fasciner les aficionados. Actuellement, il est particuli\u00e8rement rare et recherch\u00e9 dans le monde entier.   <\/p>\n<p>A notre connaissance, il s&rsquo;agit de coffrets VIP ou de cadeaux dits \u00ab\u00a0diplomatiques\u00a0\u00bb qui sont offerts \u00e0 des fonctionnaires du gouvernement et \u00e0 des VIP s\u00e9lectionn\u00e9s.<\/p>\n","protected":false},"excerpt":{"rendered":"<p>Un mythe vivant de l&rsquo;histoire du cigare cubain : le Lancero est consid\u00e9r\u00e9 comme le premier Cigare Cohiba et raconte ainsi les origines de la manufacture de tabac aujourd&rsquo;hui la plus l\u00e9gendaire au monde. Dans les ann\u00e9es 1960, le garde du corps de Fidel Castro, Bienvenido \u00ab\u00a0Chicho\u00a0\u00bb P\u00e9rez, lui a offert un cigare parfum\u00e9 dans [&hellip;]<\/p>\n","protected":false},"featured_media":13078,"comment_status":"open","ping_status":"closed","template":"","meta":{"_et_pb_use_builder":"","_et_pb_old_content":"","_et_gb_content_width":""},"product_brand":[],"product_cat":[219,220],"product_tag":[1014,1099,1119,1080,1124,1123,926,1120,924,1026,881,801,949,1126],"class_list":{"0":"post-13077","1":"product","2":"type-product","3":"status-publish","4":"has-post-thumbnail","6":"product_cat-cigares","7":"product_cat-cohiba-fr","8":"product_tag-cigare-premium","9":"product_tag-cigares","10":"product_tag-cigares-cohiba","11":"product_tag-cigares-cubains","12":"product_tag-cigares-cubains-exclusifs","13":"product_tag-cigares-cubains-vintage","14":"product_tag-cigares-en-edition-limitee","15":"product_tag-cigares-habanos","16":"product_tag-cigares-pour-collectionneurs","17":"product_tag-cigares-rares-fr","18":"product_tag-cigares-vintage","19":"product_tag-cohiba-fr","20":"product_tag-cohiba-lanceros-fr","21":"product_tag-habanos-fr","23":"first","24":"instock","25":"featured","26":"shipping-taxable","27":"purchasable","28":"product-type-variable"},"aioseo_notices":[],"_links":{"self":[{"href":"https:\/\/smoke.ch\/fr\/wp-json\/wp\/v2\/product\/13077","targetHints":{"allow":["GET"]}}],"collection":[{"href":"https:\/\/smoke.ch\/fr\/wp-json\/wp\/v2\/product"}],"about":[{"href":"https:\/\/smoke.ch\/fr\/wp-json\/wp\/v2\/types\/product"}],"replies":[{"embeddable":true,"href":"https:\/\/smoke.ch\/fr\/wp-json\/wp\/v2\/comments?post=13077"}],"wp:featuredmedia":[{"embeddable":true,"href":"https:\/\/smoke.ch\/fr\/wp-json\/wp\/v2\/media\/13078"}],"wp:attachment":[{"href":"https:\/\/smoke.ch\/fr\/wp-json\/wp\/v2\/media?parent=13077"}],"wp:term":[{"taxonomy":"product_brand","embeddable":true,"href":"https:\/\/smoke.ch\/fr\/wp-json\/wp\/v2\/product_brand?post=13077"},{"taxonomy":"product_cat","embeddable":true,"href":"https:\/\/smoke.ch\/fr\/wp-json\/wp\/v2\/product_cat?post=13077"},{"taxonomy":"product_tag","embeddable":true,"href":"https:\/\/smoke.ch\/fr\/wp-json\/wp\/v2\/product_tag?post=13077"}],"curies":[{"name":"wp","href":"https:\/\/api.w.org\/{rel}","templated":true}]}}