{"id":13140,"date":"2024-10-30T13:20:34","date_gmt":"2024-10-30T13:20:34","guid":{"rendered":"https:\/\/smoke.ch\/product\/cohiba-siglo-vi-gran-reserva-cosecha-2003\/"},"modified":"2026-01-31T15:21:23","modified_gmt":"2026-01-31T15:21:23","slug":"cohiba-siglo-vi-gran-reserva-cosecha-2003","status":"publish","type":"product","link":"https:\/\/smoke.ch\/fr\/produit\/cohiba-siglo-vi-gran-reserva-cosecha-2003\/","title":{"rendered":"Cohiba Siglo VI \u2013 Gran Reserva Cosecha 2003"},"content":{"rendered":"<p>Un mythe vivant de l&rsquo;histoire du cigare cubain&nbsp;: <a href=\"https:\/\/smoke.ch\/product-category\/zigarren\/cohiba\/\">le cigare Cohiba<\/a> incarne les origines de ce qui est aujourd&rsquo;hui le fabricant de tabac le plus l\u00e9gendaire au monde.<\/p>\n<p>Dans les ann\u00e9es 1960, le garde du corps de Fidel Castro, Bienvenido \u00ab Chicho \u00bb P\u00e9rez, lui offrit un cigare parfum\u00e9 dans un format sp\u00e9cial \u2013 et Castro succomba imm\u00e9diatement \u00e0 son go\u00fbt exceptionnel. Peu de temps apr\u00e8s, il rencontra Eduardo Rivera, un torcedor ami de son garde du corps, qui devint le rouleur de cigares personnel de Castro. Con\u00e7u \u00e0 l&rsquo;origine comme un cadeau exclusif pour les invit\u00e9s d&rsquo;\u00c9tat cubains et les diplomates de haut rang, Rivera fonda une petite usine en 1964 \u2013 l&rsquo;anc\u00eatre du c\u00e9l\u00e8bre El Laguito \u00e0 La Havane. Huit torcedores tri\u00e9s sur le volet y travaillaient, dont Norma Fern\u00e1ndez, qui a baptis\u00e9 l&rsquo;entreprise Cohiba en 1966.<\/p>\n<p>Les d\u00e9taillants sp\u00e9cialis\u00e9s et les collectionneurs du monde entier l&rsquo;attendaient avec impatience. D\u00e8s sa premi\u00e8re pr\u00e9sentation lors de la soir\u00e9e de gala du XIe Festival del Habano, une \u00e9vidence s&rsquo;est impos\u00e9e : ce cigare est une nouvelle \u00e9toile dans le ciel des Habanos. Le <a href=\"https:\/\/smoke.ch\/product-category\/zigarren\/cohiba\/\"><strong>Cohiba Siglo VI<\/strong><\/a> Gran Reserva 2003 est le premier Gran Reserva \u00e0 \u00eatre lanc\u00e9 sur le march\u00e9. \u00c0 cette fin, les meilleurs tabacs de l&rsquo;excellente r\u00e9colte 2003 des r\u00e9gions de culture renomm\u00e9es de San Juan y Mart\u00ednez et de San Luis ont \u00e9t\u00e9 laiss\u00e9s \u00e0 m\u00fbrir \u00e0 Pinar del R\u00edo.<\/p>\n<p>Pendant cinq ans, tous les tabacs n\u00e9cessaires \u00e0 la fabrication d&rsquo;un Habano \u2013 la cape, la sous-cape et les trois tabacs de remplissage \u2013 ont \u00e9t\u00e9 soigneusement s\u00e9lectionn\u00e9s, ferment\u00e9s et r\u00e9guli\u00e8rement contr\u00f4l\u00e9s. Apr\u00e8s cette p\u00e9riode de maturation, les meilleurs torcedores de l&rsquo;usine Cohiba \u00ab El Laguito \u00bb \u00e0 La Havane roulaient ces cigares au format Ca\u00f1onazo (longueur 150 mm, calibre 52).<\/p>\n<p>Le choix de la marque de prestige Cohiba pour la premi\u00e8re Gran Reserva <a href=\"https:\/\/www.habanos.com\/en\/\"><strong>d&rsquo;Habanos<\/strong><\/a> est tout \u00e0 fait logique : Cohiba est consid\u00e9r\u00e9e comme l&rsquo;une des <a href=\"https:\/\/smoke.ch\/product-category\/zigarren\/\"><strong>marques de cigares haut de gamme les plus prestigieuses et les plus connues au monde<\/strong><\/a> . Le format Cohiba Siglo VI figure \u00e9galement parmi les modules les plus populaires et a donc \u00e9t\u00e9 choisi pour la premi\u00e8re du Gran Reserva. Il en a r\u00e9sult\u00e9 un Habano v\u00e9ritablement unique qui surpasse tout ce qui a \u00e9t\u00e9 fait auparavant.<\/p>\n<p>La presse sp\u00e9cialis\u00e9e du monde entier a encens\u00e9 ce produit exceptionnel, lui attribuant les meilleures notes et confirmant ainsi le succ\u00e8s de ce concept extraordinaire. Il n&rsquo;existe que 5 000 bo\u00eetes num\u00e9rot\u00e9es individuellement, contenant chacune 15 pi\u00e8ces, dans le monde entier. Conform\u00e9ment aux exigences \u00e9lev\u00e9es de ce cigare, les bo\u00eetes sont con\u00e7ues en laque noire \u00e9l\u00e9gante et luxueusement am\u00e9nag\u00e9es.<\/p>\n","protected":false},"excerpt":{"rendered":"<p>Un mythe vivant de l&rsquo;histoire du cigare cubain&nbsp;: le cigare Cohiba incarne les origines de ce qui est aujourd&rsquo;hui le fabricant de tabac le plus l\u00e9gendaire au monde. Dans les ann\u00e9es 1960, le garde du corps de Fidel Castro, Bienvenido \u00ab Chicho \u00bb P\u00e9rez, lui offrit un cigare parfum\u00e9 dans un format sp\u00e9cial \u2013 et [&hellip;]<\/p>\n","protected":false},"featured_media":13141,"comment_status":"open","ping_status":"closed","template":"","meta":{"_et_pb_use_builder":"","_et_pb_old_content":"","_et_gb_content_width":""},"product_brand":[],"product_cat":[219,220],"product_tag":[801,1005],"class_list":{"0":"post-13140","1":"product","2":"type-product","3":"status-publish","4":"has-post-thumbnail","6":"product_cat-cigares","7":"product_cat-cohiba-fr","8":"product_tag-cohiba-fr","9":"product_tag-cohiba-siglo-vi-gran-reserva-cosecha-fr","11":"first","12":"instock","13":"shipping-taxable","14":"purchasable","15":"product-type-simple"},"aioseo_notices":[],"_links":{"self":[{"href":"https:\/\/smoke.ch\/fr\/wp-json\/wp\/v2\/product\/13140","targetHints":{"allow":["GET"]}}],"collection":[{"href":"https:\/\/smoke.ch\/fr\/wp-json\/wp\/v2\/product"}],"about":[{"href":"https:\/\/smoke.ch\/fr\/wp-json\/wp\/v2\/types\/product"}],"replies":[{"embeddable":true,"href":"https:\/\/smoke.ch\/fr\/wp-json\/wp\/v2\/comments?post=13140"}],"wp:featuredmedia":[{"embeddable":true,"href":"https:\/\/smoke.ch\/fr\/wp-json\/wp\/v2\/media\/13141"}],"wp:attachment":[{"href":"https:\/\/smoke.ch\/fr\/wp-json\/wp\/v2\/media?parent=13140"}],"wp:term":[{"taxonomy":"product_brand","embeddable":true,"href":"https:\/\/smoke.ch\/fr\/wp-json\/wp\/v2\/product_brand?post=13140"},{"taxonomy":"product_cat","embeddable":true,"href":"https:\/\/smoke.ch\/fr\/wp-json\/wp\/v2\/product_cat?post=13140"},{"taxonomy":"product_tag","embeddable":true,"href":"https:\/\/smoke.ch\/fr\/wp-json\/wp\/v2\/product_tag?post=13140"}],"curies":[{"name":"wp","href":"https:\/\/api.w.org\/{rel}","templated":true}]}}