{"id":14508,"date":"2025-01-08T13:13:52","date_gmt":"2025-01-08T13:13:52","guid":{"rendered":"https:\/\/smoke.ch\/product\/cohiba-majestuosos-edicion-especial\/"},"modified":"2026-01-31T15:21:21","modified_gmt":"2026-01-31T15:21:21","slug":"cohiba-majestuosos-edicion-especial","status":"publish","type":"product","link":"https:\/\/smoke.ch\/fr\/produit\/cohiba-majestuosos-edicion-especial\/","title":{"rendered":"Cohiba Majestuosos \u2013 Edici\u00f3n Especial"},"content":{"rendered":"<p>Les <a href=\"https:\/\/smoke.ch\/fr\/produit\/cohiba-50-aniversario-cave-a-cigares\/\"><strong>Cohiba Majestuos<\/strong><\/a> figurent parmi les cigares les plus exclusifs au monde et proviennent de la c\u00e9l\u00e8bre <strong><a href=\"https:\/\/smoke.ch\/product-category\/zigarren\/cohiba\/\">marque cubaine Cohiba<\/a> .<\/strong> Ces cigares haut de gamme sont r\u00e9put\u00e9s pour leur disponibilit\u00e9 limit\u00e9e, car ils sont produits en petites quantit\u00e9s. Ils sont particuli\u00e8rement recherch\u00e9s dans le cadre d&rsquo;\u00e9ditions sp\u00e9ciales, telles que la l\u00e9gendaire <strong>Cohiba Majestuos 1966<\/strong> , sortie pour c\u00e9l\u00e9brer <a href=\"https:\/\/smoke.ch\/product-category\/humidore\/\"><strong>le 50e anniversaire de Cohiba<\/strong><\/a> .<\/p>\n<h3>Qu&rsquo;est-ce qui rend les Cohiba Majestuosos si sp\u00e9ciaux ?<\/h3>\n<ul>\n<li><strong>Format unique<\/strong>: le format sp\u00e9cialement con\u00e7u des Cohiba Majestuosos est plus court et plus puissant que celui de nombreux autres Cohibas. Ce design exceptionnel offre une exp\u00e9rience de consommation unique. <\/li>\n<li><strong>Une qualit\u00e9 de tabac exquise<\/strong>: le tabac utilis\u00e9 provient des meilleures r\u00e9gions de culture de Cuba, notamment de la <strong>Vuelta Abajo<\/strong>. Un processus de fermentation complexe permet d&rsquo;obtenir la douceur et la complexit\u00e9 incomparables des cigares. <\/li>\n<li><strong>Des ar\u00f4mes incomparables<\/strong>: les Cohiba Majestuosos convainquent par leur profil gustatif complexe. Des notes de bois, de noix, de cacao et d&rsquo;\u00e9pices fines font de chaque bouff\u00e9e un plaisir. La fum\u00e9e est agr\u00e9ablement cr\u00e9meuse et harmonieuse.  <\/li>\n<li><strong>Pr\u00e9sentation exclusive<\/strong>:<a href=\"https:\/\/smoke.ch\/product-category\/zigarren\/\"><strong> Ces cigares<\/strong><\/a> sont souvent pr\u00e9sent\u00e9s dans des bo\u00eetes en bois luxueuses qui soulignent leur caract\u00e8re exclusif et en font des pi\u00e8ces de collection tr\u00e8s recherch\u00e9es.<\/li>\n<\/ul>\n<p>Les Cohiba Majestuosos incarnent l&rsquo;artisanat cubain, le luxe et le plaisir intemporel. Ils sont le choix parfait pour les <a href=\"https:\/\/www.habanos.com\/en\/\/\"><strong>les amateurs de cigares<\/strong><\/a>Ils sont parfaits comme cadeaux pour des occasions sp\u00e9ciales ou pour les fumeurs exigeants. <\/p>\n<p>Cette cave exclusive, la \u00a0\u00bb <a href=\"https:\/\/smoke.ch\/fr\/\"><strong>Edici\u00f3n Especial<\/strong><\/a> \u00ab\u00a0, contient 50 Cohiba Majestuosos avec la tr\u00e8s rare banderole pr\u00e9sidentielle. Seuls quelques exemplaires de cette pi\u00e8ce de collection sp\u00e9ciale ont \u00e9t\u00e9 produits, ce qui en fait une raret\u00e9 absolue.<\/p>\n","protected":false},"excerpt":{"rendered":"<p>Les Cohiba Majestuos figurent parmi les cigares les plus exclusifs au monde et proviennent de la c\u00e9l\u00e8bre marque cubaine Cohiba . Ces cigares haut de gamme sont r\u00e9put\u00e9s pour leur disponibilit\u00e9 limit\u00e9e, car ils sont produits en petites quantit\u00e9s. Ils sont particuli\u00e8rement recherch\u00e9s dans le cadre d&rsquo;\u00e9ditions sp\u00e9ciales, telles que la l\u00e9gendaire Cohiba Majestuos 1966 [&hellip;]<\/p>\n","protected":false},"featured_media":14514,"comment_status":"open","ping_status":"closed","template":"","meta":{"_et_pb_use_builder":"","_et_pb_old_content":"","_et_gb_content_width":""},"product_brand":[],"product_cat":[227,230],"product_tag":[1014,1099,1119,1080,926,1120,924,1026,881,801,915,1013,1126,1833],"class_list":{"0":"post-14508","1":"product","2":"type-product","3":"status-publish","4":"has-post-thumbnail","6":"product_cat-caves-a-cigares","7":"product_cat-cohiba-fr-2","8":"product_tag-cigare-premium","9":"product_tag-cigares","10":"product_tag-cigares-cohiba","11":"product_tag-cigares-cubains","12":"product_tag-cigares-en-edition-limitee","13":"product_tag-cigares-habanos","14":"product_tag-cigares-pour-collectionneurs","15":"product_tag-cigares-rares-fr","16":"product_tag-cigares-vintage","17":"product_tag-cohiba-fr","18":"product_tag-cohiba-50-aniversario-fr","19":"product_tag-cohiba-majestuosos-fr","20":"product_tag-habanos-fr","21":"product_tag-majestuosos","23":"first","24":"instock","25":"shipping-taxable","26":"purchasable","27":"product-type-simple"},"aioseo_notices":[],"_links":{"self":[{"href":"https:\/\/smoke.ch\/fr\/wp-json\/wp\/v2\/product\/14508","targetHints":{"allow":["GET"]}}],"collection":[{"href":"https:\/\/smoke.ch\/fr\/wp-json\/wp\/v2\/product"}],"about":[{"href":"https:\/\/smoke.ch\/fr\/wp-json\/wp\/v2\/types\/product"}],"replies":[{"embeddable":true,"href":"https:\/\/smoke.ch\/fr\/wp-json\/wp\/v2\/comments?post=14508"}],"wp:featuredmedia":[{"embeddable":true,"href":"https:\/\/smoke.ch\/fr\/wp-json\/wp\/v2\/media\/14514"}],"wp:attachment":[{"href":"https:\/\/smoke.ch\/fr\/wp-json\/wp\/v2\/media?parent=14508"}],"wp:term":[{"taxonomy":"product_brand","embeddable":true,"href":"https:\/\/smoke.ch\/fr\/wp-json\/wp\/v2\/product_brand?post=14508"},{"taxonomy":"product_cat","embeddable":true,"href":"https:\/\/smoke.ch\/fr\/wp-json\/wp\/v2\/product_cat?post=14508"},{"taxonomy":"product_tag","embeddable":true,"href":"https:\/\/smoke.ch\/fr\/wp-json\/wp\/v2\/product_tag?post=14508"}],"curies":[{"name":"wp","href":"https:\/\/api.w.org\/{rel}","templated":true}]}}