{"id":15021,"date":"2025-03-15T16:22:24","date_gmt":"2025-03-15T16:22:24","guid":{"rendered":"https:\/\/smoke.ch\/product\/cohiba-bhk-58-cigare-unique-2\/"},"modified":"2026-02-24T16:57:14","modified_gmt":"2026-02-24T16:57:14","slug":"cohiba-bhk-58-cigare-unique-2","status":"publish","type":"product","link":"https:\/\/smoke.ch\/fr\/produit\/cohiba-bhk-58-cigare-unique-2\/","title":{"rendered":"Cohiba BHK 58 \u2013 Cigare unique"},"content":{"rendered":"<p><strong>Cohiba Behike BHK 58 \u2013 La nouvelle ic\u00f4ne du monde du cigare cubain<\/strong><\/p>\n<p>Apr\u00e8s des ann\u00e9es de sp\u00e9culation, la soci\u00e9t\u00e9 <a href=\"https:\/\/www.habanos.com\/en\/\"><strong>Habanos S.A.<\/strong><\/a> a officiellement pr\u00e9sent\u00e9 le <strong>Cohiba Behike BHK 58<\/strong> \u2013 un impressionnant <strong>format 7 pouces (178 mm) x 58 Parejo<\/strong>, connu sous le nom de <strong>Laguito No. 7<\/strong>. Cette nouvelle vitole \u00e9largit la l\u00e9gendaire ligne Behike et \u00e9tablit de nouvelles normes dans le monde des cigares cubains. <\/p>\n<h3><strong>\u00c9dition anniversaire unique pour le 15e anniversaire de Behike BHK<\/strong><\/h3>\n<p>Le <strong>BHK 58<\/strong> est pr\u00e9sent\u00e9 pour c\u00e9l\u00e9brer le <a href=\"https:\/\/smoke.ch\/fr\/xxv-festival-del-habano\/\"><strong>15e anniversaire de la gamme Behike<\/strong><\/a> . Initialement lanc\u00e9 en <strong>2010<\/strong> pour c\u00e9l\u00e9brer le <strong>45e anniversaire de la marque Cohiba<\/strong> , le <a href=\"https:\/\/smoke.ch\/fr\/produit\/cohiba-bhk-behike-56-2020-2022\/\"><strong>Behike BHK<\/strong><\/a> est depuis consid\u00e9r\u00e9 comme le <strong>fleuron de la <a href=\"https:\/\/smoke.ch\/fr\/categorie-produit\/cigares\/cohiba-fr\/\">gamme Cohiba<\/a><\/strong> . <\/p>\n<p>La ligne Behike est particuli\u00e8rement connue pour son utilisation de <strong>feuilles de Media Tiempo<\/strong>, une raret\u00e9 absolue dans le monde du cigare cubain. Ces feuilles se trouvent dans la partie la plus haute de la plante de tabac et sont pr\u00e9sentes dans moins <strong>de 10 % des plantes<\/strong>. Leur position leur permet de recevoir une lumi\u00e8re du soleil particuli\u00e8rement intense, ce qui leur conf\u00e8re une force et une profondeur d&rsquo;ar\u00f4me exceptionnelles.  <\/p>\n<h3><strong>L&rsquo;histoire du BHK 58 \u2013 Une id\u00e9e \u00e0 retardement<\/strong><\/h3>\n<p>Il est int\u00e9ressant de noter que ce n&rsquo;est pas la premi\u00e8re fois qu&rsquo;Habanos S.A. poursuit l&rsquo;id\u00e9e d&rsquo;une <strong>BHK 58<\/strong>. <strong>En 2020<\/strong>, pour le <strong>10e anniversaire de la ligne Behike<\/strong>, un projet similaire avait d\u00e9j\u00e0 \u00e9t\u00e9 discut\u00e9. Des prototypes ont \u00e9t\u00e9 distribu\u00e9s aux n\u00e9gociants en cigares lors d&rsquo;un atelier de marketing \u00e0 La Havane en juin 2019. Mais la <strong>pand\u00e9mie de COVID-19<\/strong> et les interruptions de production qu&rsquo;elle a entra\u00een\u00e9es \u00e0 Cuba ont mis le projet en veilleuse pour le moment.   <\/p>\n<p>Maintenant que la production s&rsquo;est stabilis\u00e9e, la <strong>BHK 58<\/strong> f\u00eate enfin sa premi\u00e8re \u2013 un moment important pour les fans de Cohiba du monde entier.<\/p>\n<h3><strong>En exclusivit\u00e9 chez nous : le BHK 58 en \u00e9dition limit\u00e9e<\/strong><\/h3>\n<p>Nous avons le plaisir de vous proposer ce cigare raffin\u00e9 en quantit\u00e9 limit\u00e9e. Particuli\u00e8rement exclusif : <\/p>\n<ul>\n<li>Cigares individuels de la <strong>BHK 58<\/strong> \u2013 \u00e9galement disponibles en <strong>quantit\u00e9s strictement limit\u00e9es<\/strong>.<\/li>\n<\/ul>\n<p>Assurez-vous d\u00e8s maintenant un morceau <a href=\"https:\/\/smoke.ch\/fr\/produit\/cohiba-behike-15-anniversary-bhk-cigares-simples\/\"><strong>l&rsquo;histoire des cigares<\/strong><\/a> \u2013 en exclusivit\u00e9 chez nous !<\/p>\n","protected":false},"excerpt":{"rendered":"<p>Cohiba Behike BHK 58 \u2013 La nouvelle ic\u00f4ne du monde du cigare cubain Apr\u00e8s des ann\u00e9es de sp\u00e9culation, la soci\u00e9t\u00e9 Habanos S.A. a officiellement pr\u00e9sent\u00e9 le Cohiba Behike BHK 58 \u2013 un impressionnant format 7 pouces (178 mm) x 58 Parejo, connu sous le nom de Laguito No. 7. Cette nouvelle vitole \u00e9largit la l\u00e9gendaire [&hellip;]<\/p>\n","protected":false},"featured_media":17111,"comment_status":"open","ping_status":"closed","template":"","meta":{"_et_pb_use_builder":"","_et_pb_old_content":"","_et_gb_content_width":""},"product_brand":[],"product_cat":[219,220],"product_tag":[1664,1080,1124,926,1828,807,1827],"class_list":{"0":"post-15021","1":"product","2":"type-product","3":"status-publish","4":"has-post-thumbnail","6":"product_cat-cigares","7":"product_cat-cohiba-fr","8":"product_tag-acheter-cohiba-bhk-58","9":"product_tag-cigares-cubains","10":"product_tag-cigares-cubains-exclusifs","11":"product_tag-cigares-en-edition-limitee","12":"product_tag-cohiba-behike-bhk-58","13":"product_tag-cohiba-bhk-58-fr","14":"product_tag-prix-du-cohiba-bhk-58","16":"first","17":"instock","18":"shipping-taxable","19":"purchasable","20":"product-type-variable"},"aioseo_notices":[],"_links":{"self":[{"href":"https:\/\/smoke.ch\/fr\/wp-json\/wp\/v2\/product\/15021","targetHints":{"allow":["GET"]}}],"collection":[{"href":"https:\/\/smoke.ch\/fr\/wp-json\/wp\/v2\/product"}],"about":[{"href":"https:\/\/smoke.ch\/fr\/wp-json\/wp\/v2\/types\/product"}],"replies":[{"embeddable":true,"href":"https:\/\/smoke.ch\/fr\/wp-json\/wp\/v2\/comments?post=15021"}],"wp:featuredmedia":[{"embeddable":true,"href":"https:\/\/smoke.ch\/fr\/wp-json\/wp\/v2\/media\/17111"}],"wp:attachment":[{"href":"https:\/\/smoke.ch\/fr\/wp-json\/wp\/v2\/media?parent=15021"}],"wp:term":[{"taxonomy":"product_brand","embeddable":true,"href":"https:\/\/smoke.ch\/fr\/wp-json\/wp\/v2\/product_brand?post=15021"},{"taxonomy":"product_cat","embeddable":true,"href":"https:\/\/smoke.ch\/fr\/wp-json\/wp\/v2\/product_cat?post=15021"},{"taxonomy":"product_tag","embeddable":true,"href":"https:\/\/smoke.ch\/fr\/wp-json\/wp\/v2\/product_tag?post=15021"}],"curies":[{"name":"wp","href":"https:\/\/api.w.org\/{rel}","templated":true}]}}