{"id":15026,"date":"2025-03-15T16:36:35","date_gmt":"2025-03-15T16:36:35","guid":{"rendered":"https:\/\/smoke.ch\/product\/cohiba-behike-15-anniversary-gift-box\/"},"modified":"2026-01-31T15:36:49","modified_gmt":"2026-01-31T15:36:49","slug":"cohiba-behike-15-anniversary-gift-box","status":"publish","type":"product","link":"https:\/\/smoke.ch\/fr\/produit\/cohiba-behike-15-anniversary-gift-box\/","title":{"rendered":"Coffret Cohiba Behike 15 Aniversario \u2013 BHK 52\/54\/56\/58"},"content":{"rendered":"<p>C\u00e9l\u00e9brez les 15 ans de <a href=\"https:\/\/smoke.ch\/fr\/produit\/cohiba-bhk-behike-56-2020-2022\/\"><strong>Cohiba Behike<\/strong><\/a> \u2013 l&rsquo;incarnation m\u00eame de l&rsquo;art du cigare cubain \u2013 avec ce coffret cadeau exclusif BHK 15e anniversaire.<br \/>\n Ce coffret sp\u00e9cial strictement limit\u00e9 combine les formats les plus recherch\u00e9s de la gamme Behike : <a href=\"https:\/\/smoke.ch\/fr\/produit\/cohiba-behike-15-anniversary-bhk-cigares-simples\/\"><strong>BHK 52<\/strong> , <strong>BHK 54<\/strong> , <strong>BHK 56<\/strong><\/a> et, pour la premi\u00e8re fois, le nouveau <a href=\"https:\/\/smoke.ch\/fr\/produit\/cohiba-bhk-58-cigare-unique-2\/\"><strong>BHK 58<\/strong><\/a> .<br \/>\n Chacune est orn\u00e9e d&rsquo;un ruban unique comm\u00e9morant le 15e anniversaire de BHK et d&rsquo;une bande de pied suppl\u00e9mentaire.<\/p>\n<p>Apr\u00e8s des ann\u00e9es de sp\u00e9culation, <a href=\"https:\/\/www.habanos.com\/en\/\"><strong>Habanos SA<\/strong><\/a> a maintenant officiellement <a href=\"https:\/\/smoke.ch\/fr\/xxv-festival-del-habano\/\"><strong>d\u00e9voil\u00e9 le Cohiba Behike BHK 58<\/strong><\/a> \u2013 un format Parejo de 7 pouces (178 mm) x 58 connu sous le nom de Laguito No. 7.<br \/>\n Cette impressionnante vitole \u00e9largit la gamme embl\u00e9matique Behike et \u00e9tablit de nouvelles normes dans le monde des cigares cubains.<br \/>\n Pr\u00e9sent\u00e9e dans un coffret cadeau de luxe fabriqu\u00e9 \u00e0 la main, cette \u00e9dition sp\u00e9ciale n&rsquo;est pas seulement un hommage \u00e0 la l\u00e9gendaire s\u00e9rie Behike,<br \/>\n mais aussi un v\u00e9ritable objet de collection pour les aficionados qui souhaitent c\u00e9l\u00e9brer le summum <a href=\"https:\/\/smoke.ch\/fr\/categorie-produit\/cigares\/\"><strong>de l&rsquo;art du cigare cubain<\/strong><\/a> .<\/p>\n<p>Cette \u00e9dition exclusive a \u00e9t\u00e9 pr\u00e9sent\u00e9e au  <a href=\"https:\/\/www.habanos.com\/en\/\"><strong>XXV. Festival Habanos 2025 <\/strong><\/a>  officiellement pr\u00e9sent\u00e9 et n&rsquo;est disponible qu&rsquo;en quantit\u00e9s limit\u00e9es.<br \/>\n D\u00e9sormais, toutes les banderoles sont \u00e9quip\u00e9es de <a href=\"https:\/\/www.google.com\/search?q=nfc+technologie+Habanos+&amp;sca_esv=4770e45ba07b1168&amp;biw=1599&amp;bih=891&amp;ei=nFp_aNuwCvWai-gPofXh0QI&amp;ved=0ahUKEwjb7uWilNCOAxV1zQIHHaF6OCo4ChDh1QMIEA&amp;uact=5&amp;oq=nfc+technologie+Habanos+&amp;gs_lp=Egxnd3Mtd2l6LXNlcnAiGG5mYyB0ZWNobm9sb2dpZSBIYWJhbm9zIDIFECEYoAEyBRAhGKABMgUQIRigAUiPMVDSC1jSC3ABeAGQAQCYAXCgAXCqAQMwLjG4AQPIAQD4AQGYAgKgAnnCAgoQABiwAxjWBBhHmAMAiAYBkAYDkgcDMS4xoAepBLIHAzAuMbgHdcIHAzAuMsgHBQ&amp;sclient=gws-wiz-serp\"><strong>la technologie NFC<\/strong><\/a> .<br \/>\n Procurez-vous cet ensemble exceptionnel et profitez de la perfection des cigares cubains dans leur plus belle forme.<br \/>\n Ces cigares exquis sont \u00e9galement <a href=\"https:\/\/smoke.ch\/fr\/produit\/cohiba-behike-15-anniversary-bhk-cigares-simples\/\"><strong>disponibles individuellement chez nous.<\/strong><\/a><\/p>\n","protected":false},"excerpt":{"rendered":"<p>C\u00e9l\u00e9brez les 15 ans de Cohiba Behike \u2013 l&rsquo;incarnation m\u00eame de l&rsquo;art du cigare cubain \u2013 avec ce coffret cadeau exclusif BHK 15e anniversaire. Ce coffret sp\u00e9cial strictement limit\u00e9 combine les formats les plus recherch\u00e9s de la gamme Behike : BHK 52 , BHK 54 , BHK 56 et, pour la premi\u00e8re fois, le nouveau [&hellip;]<\/p>\n","protected":false},"featured_media":14899,"comment_status":"open","ping_status":"closed","template":"","meta":{"_et_pb_use_builder":"","_et_pb_old_content":"","_et_gb_content_width":""},"product_brand":[],"product_cat":[227,219,230,220],"product_tag":[1671,1822,1124,884,876,869,807,1821],"class_list":{"0":"post-15026","1":"product","2":"type-product","3":"status-publish","4":"has-post-thumbnail","6":"product_cat-caves-a-cigares","7":"product_cat-cigares","8":"product_cat-cohiba-fr-2","9":"product_cat-cohiba-fr","10":"product_tag-15e-anniversaire-de-cohiba-behike","11":"product_tag-acheter-cohiba-behike-15-aniversario","12":"product_tag-cigares-cubains-exclusifs","13":"product_tag-cohiba-bhk-52-fr","14":"product_tag-cohiba-bhk-54-fr","15":"product_tag-cohiba-bhk-56-fr","16":"product_tag-cohiba-bhk-58-fr","17":"product_tag-prix-cohiba-behike-15-aniversario","19":"first","20":"instock","21":"shipping-taxable","22":"purchasable","23":"product-type-simple"},"aioseo_notices":[],"_links":{"self":[{"href":"https:\/\/smoke.ch\/fr\/wp-json\/wp\/v2\/product\/15026","targetHints":{"allow":["GET"]}}],"collection":[{"href":"https:\/\/smoke.ch\/fr\/wp-json\/wp\/v2\/product"}],"about":[{"href":"https:\/\/smoke.ch\/fr\/wp-json\/wp\/v2\/types\/product"}],"replies":[{"embeddable":true,"href":"https:\/\/smoke.ch\/fr\/wp-json\/wp\/v2\/comments?post=15026"}],"wp:featuredmedia":[{"embeddable":true,"href":"https:\/\/smoke.ch\/fr\/wp-json\/wp\/v2\/media\/14899"}],"wp:attachment":[{"href":"https:\/\/smoke.ch\/fr\/wp-json\/wp\/v2\/media?parent=15026"}],"wp:term":[{"taxonomy":"product_brand","embeddable":true,"href":"https:\/\/smoke.ch\/fr\/wp-json\/wp\/v2\/product_brand?post=15026"},{"taxonomy":"product_cat","embeddable":true,"href":"https:\/\/smoke.ch\/fr\/wp-json\/wp\/v2\/product_cat?post=15026"},{"taxonomy":"product_tag","embeddable":true,"href":"https:\/\/smoke.ch\/fr\/wp-json\/wp\/v2\/product_tag?post=15026"}],"curies":[{"name":"wp","href":"https:\/\/api.w.org\/{rel}","templated":true}]}}