{"id":16144,"date":"2025-08-20T15:18:09","date_gmt":"2025-08-20T15:18:09","guid":{"rendered":"https:\/\/smoke.ch\/product\/cohiba-esplendidos-gran-reserva-cosecha-2017\/"},"modified":"2025-10-01T14:15:58","modified_gmt":"2025-10-01T14:15:58","slug":"cohiba-esplendidos-gran-reserva-cosecha-2017","status":"publish","type":"product","link":"https:\/\/smoke.ch\/fr\/produit\/cohiba-esplendidos-gran-reserva-cosecha-2017\/","title":{"rendered":"Cohiba Esplendidos Gran Reserva \u2013 Cosecha 2017"},"content":{"rendered":"<p>Avec le <a href=\"https:\/\/smoke.ch\/produkt-kategorie\/zigarren\/cohiba\/\"><strong>Cohiba Esplendidos Gran Reserva Cosecha 2017,<\/strong><\/a> <a href=\"https:\/\/www.habanos.com\/en\/\"><strong>Habanos SA<\/strong><\/a> a pr\u00e9sent\u00e9 l&rsquo;un des cigares les plus raffin\u00e9s et les plus exclusifs au monde. Ce Gran Reserva est non seulement un symbole du prestige de la marque Cohiba, mais aussi l&rsquo;expression du plus haut savoir-faire cubain en mati\u00e8re de tabac.<\/p>\n<p><strong>Production et origine<\/strong><\/p>\n<p>Les tabacs proviennent exclusivement de la c\u00e9l\u00e8bre <strong>r\u00e9gion de Vuelta Abajo<\/strong> , \u00e0 Pinar del R\u00edo, la plus importante zone de culture de Cuba. Pour cette \u00e9dition sp\u00e9ciale, seules les meilleures feuilles de la <strong>r\u00e9colte 2017 (Cosecha 2017)<\/strong> ont \u00e9t\u00e9 utilis\u00e9es, puis <strong>soigneusement vieillies pendant au moins cinq ans<\/strong> . Ce n&rsquo;est qu&rsquo;ensuite qu&rsquo;elles ont \u00e9t\u00e9 roul\u00e9es dans l&#8217;embl\u00e9matique <strong>usine El Laguito<\/strong> pour donner naissance \u00e0 l&#8217;embl\u00e9matique Espl\u00e9ndidos.<\/p>\n<p><strong>Format et plaisir<\/strong><\/p>\n<p>L&rsquo; <strong>Espl\u00e9ndidos<\/strong> est consid\u00e9r\u00e9 comme l&rsquo;une des vitoles les plus prestigieuses de la marque Cohiba. Avec une longueur de <strong>178 mm<\/strong> et un <strong>calibre de 47,<\/strong> c&rsquo;est un classique parmi les long-triples cubains.<br \/>\nEn fumant, il offre un <strong>profil aromatique complexe<\/strong> avec des notes de bois de c\u00e8dre, de cacao, de caf\u00e9, de cuir et d&rsquo;\u00e9pices d\u00e9licates. Son vieillissement exceptionnel lui conf\u00e8re une douceur et une profondeur incroyables, r\u00e9serv\u00e9es aux meilleurs Havanes.<\/p>\n<p><strong>\u00c9dition limit\u00e9e<\/strong><\/p>\n<p>Le <a href=\"https:\/\/smoke.ch\/produkt-kategorie\/humidore\/\"><strong>Cohiba Esplendidos Gran Reserva 2017<\/strong><\/a> a \u00e9t\u00e9 lanc\u00e9 dans le monde entier en \u00e9dition limit\u00e9e \u00e0 seulement <strong>5\u00a0000 bo\u00eetes num\u00e9rot\u00e9es de 15 cigares chacune<\/strong> . Chaque bo\u00eete est un chef-d&rsquo;\u0153uvre artisanal et porte le sceau dor\u00e9 Gran Reserva.<\/p>\n<p><strong>Un objet de collection pour les aficionados<\/strong><\/p>\n<p>Quiconque aura le privil\u00e8ge d&rsquo;acheter ou de d\u00e9guster ce cigare aura entre les mains une <a href=\"https:\/\/smoke.ch\/produkt-kategorie\/humidore\/cohiba-humidore\/\"><strong>pi\u00e8ce de collection v\u00e9ritablement rare<\/strong><\/a> . Le Cohiba Espl\u00e9ndidos Gran Reserva 2017 incarne l&rsquo;essence m\u00eame de la culture du cigare cubain et constitue un investissement dans le luxe absolu.<\/p>\n<ul>\n<li><strong>Ces cigares exclusifs sont un \u00e9l\u00e9ment incontournable de chaque <a href=\"https:\/\/smoke.ch\/produkt-kategorie\/humidore\/\">cave \u00e0 cigares<\/a> et un enrichissement pour la collection de chaque collectionneur.<\/strong><\/li>\n<\/ul>\n","protected":false},"excerpt":{"rendered":"<p>Avec le Cohiba Esplendidos Gran Reserva Cosecha 2017, Habanos SA a pr\u00e9sent\u00e9 l&rsquo;un des cigares les plus raffin\u00e9s et les plus exclusifs au monde. Ce Gran Reserva est non seulement un symbole du prestige de la marque Cohiba, mais aussi l&rsquo;expression du plus haut savoir-faire cubain en mati\u00e8re de tabac. Production et origine Les tabacs [&hellip;]<\/p>\n","protected":false},"featured_media":16133,"comment_status":"closed","ping_status":"closed","template":"","meta":{"_et_pb_use_builder":"","_et_pb_old_content":"","_et_gb_content_width":""},"product_brand":[],"product_cat":[227,219,220,230],"product_tag":[1530,1542,1544,1483,1531,1543],"class_list":{"0":"post-16144","1":"product","2":"type-product","3":"status-publish","4":"has-post-thumbnail","6":"product_cat-caves-a-cigares","7":"product_cat-cigares","8":"product_cat-cohiba-fr","9":"product_cat-cohiba-fr-2","10":"product_tag-acheter-cohiba-esplendidos","11":"product_tag-cigares-cohiba-en-edition-limitee","12":"product_tag-cigares-cubains-de-luxe","13":"product_tag-cohiba-esplendidos-gran-reserva-fr","14":"product_tag-cohiba-gran-reserva-cosecha-2017-fr","15":"product_tag-prix-des-cohiba-esplendidos","17":"first","18":"instock","19":"shipping-taxable","20":"purchasable","21":"product-type-variable"},"aioseo_notices":[],"_links":{"self":[{"href":"https:\/\/smoke.ch\/fr\/wp-json\/wp\/v2\/product\/16144","targetHints":{"allow":["GET"]}}],"collection":[{"href":"https:\/\/smoke.ch\/fr\/wp-json\/wp\/v2\/product"}],"about":[{"href":"https:\/\/smoke.ch\/fr\/wp-json\/wp\/v2\/types\/product"}],"replies":[{"embeddable":true,"href":"https:\/\/smoke.ch\/fr\/wp-json\/wp\/v2\/comments?post=16144"}],"wp:featuredmedia":[{"embeddable":true,"href":"https:\/\/smoke.ch\/fr\/wp-json\/wp\/v2\/media\/16133"}],"wp:attachment":[{"href":"https:\/\/smoke.ch\/fr\/wp-json\/wp\/v2\/media?parent=16144"}],"wp:term":[{"taxonomy":"product_brand","embeddable":true,"href":"https:\/\/smoke.ch\/fr\/wp-json\/wp\/v2\/product_brand?post=16144"},{"taxonomy":"product_cat","embeddable":true,"href":"https:\/\/smoke.ch\/fr\/wp-json\/wp\/v2\/product_cat?post=16144"},{"taxonomy":"product_tag","embeddable":true,"href":"https:\/\/smoke.ch\/fr\/wp-json\/wp\/v2\/product_tag?post=16144"}],"curies":[{"name":"wp","href":"https:\/\/api.w.org\/{rel}","templated":true}]}}