{"id":16207,"date":"2025-08-22T11:52:47","date_gmt":"2025-08-22T11:52:47","guid":{"rendered":"https:\/\/smoke.ch\/product\/montecristo-80-aniversario-edition-limitee-2016\/"},"modified":"2026-01-31T15:30:00","modified_gmt":"2026-01-31T15:30:00","slug":"montecristo-80-aniversario-edition-limitee-2016","status":"publish","type":"product","link":"https:\/\/smoke.ch\/fr\/produit\/montecristo-80-aniversario-edition-limitee-2016\/","title":{"rendered":"Montecristo 80 Aniversario Edici\u00f3n Limitada 2016 \u2013 Cigare Unique"},"content":{"rendered":"<p>L&rsquo; <strong>\u00e9dition limit\u00e9e Montecristo 80e anniversaire 2016<\/strong> a \u00e9t\u00e9 cr\u00e9\u00e9e pour c\u00e9l\u00e9brer le 80e anniversaire de la marque Montecristo et compte parmi les <strong>cigares cubains<\/strong> les plus convoit\u00e9s. Cette \u00e9dition sp\u00e9ciale, strictement limit\u00e9e, est un v\u00e9ritable atout pour les amateurs et collectionneurs \u00e0 la recherche d&rsquo;un <a href=\"https:\/\/smoke.ch\/fr\/categorie-produit\/cigares\/montecristo-fr\/\"><strong>cigare Montecristo<\/strong><\/a> rare et exceptionnel. <\/p>\n<p><strong>\u00c9dition anniversaire limit\u00e9e de Cuba<\/strong><\/p>\n<p>Pour l&rsquo; <strong>Edici\u00f3n Limitada 2016,<\/strong> <strong><a href=\"https:\/\/www.habanos.com\/en\/\">Habanos SA<\/a><\/strong> a utilis\u00e9 exclusivement des tabacs de la c\u00e9l\u00e8bre r\u00e9gion <strong>de Vuelta Abajo<\/strong> \u00e0 Pinar del R\u00edo, tous cueillis \u00e0 la main et <strong>vieillis pendant au moins deux ans<\/strong> avant d&rsquo;\u00eatre trait\u00e9s par les meilleurs torcedores selon des m\u00e9thodes traditionnelles.<\/p>\n<p>Le format exclusif ( <strong>6,5 pouces de long x 55 bagues<\/strong> ) a \u00e9t\u00e9 cr\u00e9\u00e9 sp\u00e9cialement pour cette \u00e9dition anniversaire. Chaque cigare arbore l&rsquo;\u00e9l\u00e9gante <strong>bague 80e anniversaire<\/strong> ainsi que la bague Montecristo classique et est livr\u00e9 dans un <strong>coffret laqu\u00e9 num\u00e9rot\u00e9 de 20 cigares<\/strong> . <\/p>\n<p><strong>Ar\u00f4me et go\u00fbt<\/strong><\/p>\n<p>Le <strong>Montecristo 80 Aniversario 2016 Vintage<\/strong> impressionne par son <strong>profil aromatique cors\u00e9 et complexe<\/strong> :<\/p>\n<ul>\n<li>Notes de <strong>chocolat noir<\/strong> , <strong>de caf\u00e9<\/strong> et <strong>de bois torr\u00e9fi\u00e9<\/strong><\/li>\n<li>une <strong>douceur \u00e9l\u00e9gante et fine<\/strong><\/li>\n<li>Augmenter l&rsquo;intensit\u00e9 en fumant sans perdre l&rsquo;\u00e9quilibre<\/li>\n<\/ul>\n<p>Il incarne l&rsquo;art du cigare cubain au plus haut niveau.<\/p>\n<p><strong>Objet de collection \u00e0 valeur croissante<\/strong><\/p>\n<p>\u00c9tant donn\u00e9 que le <strong>Montecristo 80 Aniversario \u00c9dition Limit\u00e9e 2016<\/strong> n&rsquo;a \u00e9t\u00e9 produit qu&rsquo;en nombre limit\u00e9, il est aujourd&rsquo;hui extr\u00eamement rare. Consid\u00e9r\u00e9 comme une <a href=\"https:\/\/smoke.ch\/fr\/categorie-produit\/cigares\/\"><strong>raret\u00e9 vintage<\/strong><\/a> , il offre non seulement du plaisir, mais aussi <strong>un fort potentiel de valorisation<\/strong> aux collectionneurs et aux investisseurs. <\/p>\n<p>Si vous souhaitez poss\u00e9der l&rsquo;un des rares <a href=\"https:\/\/smoke.ch\/fr\/categorie-produit\/caves-a-cigares\/\"><strong>cigares Montecristo 80 Aniversario 2016<\/strong><\/a> restants, ne tardez pas. Cette <strong>\u00e9dition limit\u00e9e<\/strong> exceptionnelle est disponible en quantit\u00e9s tr\u00e8s limit\u00e9es dans le monde entier et compte parmi <strong>les cigares Montecristo<\/strong> les plus recherch\u00e9s. <\/p>\n","protected":false},"excerpt":{"rendered":"<p>L&rsquo; \u00e9dition limit\u00e9e Montecristo 80e anniversaire 2016 a \u00e9t\u00e9 cr\u00e9\u00e9e pour c\u00e9l\u00e9brer le 80e anniversaire de la marque Montecristo et compte parmi les cigares cubains les plus convoit\u00e9s. Cette \u00e9dition sp\u00e9ciale, strictement limit\u00e9e, est un v\u00e9ritable atout pour les amateurs et collectionneurs \u00e0 la recherche d&rsquo;un cigare Montecristo rare et exceptionnel. \u00c9dition anniversaire limit\u00e9e de [&hellip;]<\/p>\n","protected":false},"featured_media":16189,"comment_status":"closed","ping_status":"closed","template":"","meta":{"_et_pb_use_builder":"","_et_pb_old_content":"","_et_gb_content_width":""},"product_brand":[],"product_cat":[219,224],"product_tag":[1488,1649,1651,1638,1650],"class_list":{"0":"post-16207","1":"product","2":"type-product","3":"status-publish","4":"has-post-thumbnail","6":"product_cat-cigares","7":"product_cat-montecristo-fr","8":"product_tag-80e-anniversaire-de-montecristo","9":"product_tag-acheter-montecristo-80-aniversario","10":"product_tag-edition-limitee-montecristo","11":"product_tag-montecristo-80-aniversario-edition-limitee-2016","12":"product_tag-prix-montecristo-80-aniversario","14":"first","15":"instock","16":"shipping-taxable","17":"purchasable","18":"product-type-simple"},"aioseo_notices":[],"_links":{"self":[{"href":"https:\/\/smoke.ch\/fr\/wp-json\/wp\/v2\/product\/16207","targetHints":{"allow":["GET"]}}],"collection":[{"href":"https:\/\/smoke.ch\/fr\/wp-json\/wp\/v2\/product"}],"about":[{"href":"https:\/\/smoke.ch\/fr\/wp-json\/wp\/v2\/types\/product"}],"replies":[{"embeddable":true,"href":"https:\/\/smoke.ch\/fr\/wp-json\/wp\/v2\/comments?post=16207"}],"wp:featuredmedia":[{"embeddable":true,"href":"https:\/\/smoke.ch\/fr\/wp-json\/wp\/v2\/media\/16189"}],"wp:attachment":[{"href":"https:\/\/smoke.ch\/fr\/wp-json\/wp\/v2\/media?parent=16207"}],"wp:term":[{"taxonomy":"product_brand","embeddable":true,"href":"https:\/\/smoke.ch\/fr\/wp-json\/wp\/v2\/product_brand?post=16207"},{"taxonomy":"product_cat","embeddable":true,"href":"https:\/\/smoke.ch\/fr\/wp-json\/wp\/v2\/product_cat?post=16207"},{"taxonomy":"product_tag","embeddable":true,"href":"https:\/\/smoke.ch\/fr\/wp-json\/wp\/v2\/product_tag?post=16207"}],"curies":[{"name":"wp","href":"https:\/\/api.w.org\/{rel}","templated":true}]}}