{"id":16227,"date":"2025-08-22T12:18:35","date_gmt":"2025-08-22T12:18:35","guid":{"rendered":"https:\/\/smoke.ch\/product\/trinidad-edition-limitada-cabildos-2024\/"},"modified":"2026-01-31T15:45:25","modified_gmt":"2026-01-31T15:45:25","slug":"trinidad-edition-limitada-cabildos-2024","status":"publish","type":"product","link":"https:\/\/smoke.ch\/fr\/produit\/trinidad-edition-limitada-cabildos-2024\/","title":{"rendered":"Trinidad Edici\u00f3n Limitada Cabildos 2024 \u2013 Cigare Unique"},"content":{"rendered":"<p>Le <a href=\"https:\/\/smoke.ch\/fr\/categorie-produit\/cigares\/trinidad-fr\/\"><strong>Trinidad Cabildos \u00c9dition Limit\u00e9e 2024<\/strong><\/a> est la derni\u00e8re \u00e9dition limit\u00e9e de <strong><a href=\"https:\/\/www.habanos.com\/en\/\">Habanos SA<\/a><\/strong> , lanc\u00e9e pour c\u00e9l\u00e9brer <strong>le 55e anniversaire de la marque<\/strong> Trinidad. Ce cigare allie tradition cubaine, production strictement limit\u00e9e et profil aromatique incomparable&nbsp;: une v\u00e9ritable <a href=\"https:\/\/smoke.ch\/fr\/categorie-produit\/cigares\/\"><strong>pi\u00e8ce de collection pour les amateurs de cigares<\/strong> .<\/a> <\/p>\n<p><strong>Origine et production<\/strong><\/p>\n<p>Le <strong>Trinidad Cabildos<\/strong> est enti\u00e8rement fabriqu\u00e9 \u00e0 la main \u00e0 partir des meilleurs tabacs de la r\u00e9gion de <strong>Vuelta Abajo<\/strong> , \u00e0 Cuba. Tous les tabacs utilis\u00e9s ont <strong>vieilli au moins deux ans<\/strong> avant d&rsquo;\u00eatre transform\u00e9s par des torcedores exp\u00e9riment\u00e9s. Cela fait de ce cigare non seulement une raret\u00e9, mais aussi une exp\u00e9rience gustative exceptionnelle.  <\/p>\n<p><strong>Format \u2013 \u00ab Illustres \u00bb de Trinidad Cabildo<\/strong><\/p>\n<ul>\n<li>Longueur : <strong>162 mm (6 3\/8&Prime;)<\/strong><\/li>\n<li>Taille de bague : <strong>46<\/strong><\/li>\n<li>Vitola de Galera : <strong>Ilustres<\/strong><\/li>\n<\/ul>\n<p>Ce format \u00e9l\u00e9gant assure un plaisir de fumer prolong\u00e9 et souligne le caract\u00e8re noble de l&rsquo;\u00e9dition limit\u00e9e.<\/p>\n<p>Le Trinidad Cabildos 2024 sera commercialis\u00e9 en \u00e9dition limit\u00e9e \u00e0 seulement <strong>10&nbsp;000 exemplaires num\u00e9rot\u00e9s<\/strong> . Il existe deux versions&nbsp;: <\/p>\n<ul>\n<li>Bo\u00eete de <strong>5 cigares<\/strong> (Premier Pack)<\/li>\n<li>Coffret de <strong>12 cigares<\/strong><\/li>\n<\/ul>\n<p>Ce cigare est d\u00e9j\u00e0 l&rsquo;une des <strong>\u00e9ditions limit\u00e9es cubaines les plus recherch\u00e9es<\/strong> .<\/p>\n<p><strong>Profil aromatique \u2013 Un plaisir de fumer \u00e0 plusieurs niveaux<\/strong><\/p>\n<p>Le <strong>Trinidad Cabildos Edici\u00f3n Limitada 2024<\/strong> offre un jeu d&rsquo;ar\u00f4mes complexe et \u00e9quilibr\u00e9 :<\/p>\n<ul>\n<li><strong>Premi\u00e8re impression<\/strong> : brioche, r\u00e9glisse, poivre noir<\/li>\n<li><strong>Deuxi\u00e8me moiti\u00e9<\/strong> : chocolat noir, caf\u00e9 torr\u00e9fi\u00e9, cannelle<\/li>\n<li><strong>Finale<\/strong> : cr\u00e9meuse, avec des notes vanill\u00e9es et \u00e9pic\u00e9es et une finale longue et \u00e9l\u00e9gante<\/li>\n<\/ul>\n<p>Une exp\u00e9rience de fumage intense mais douce qui refl\u00e8te parfaitement le caract\u00e8re de la marque Trinidad.<\/p>\n<p>L&rsquo; <strong>\u00e9dition limit\u00e9e Trinidad Cabildos 2024<\/strong> est uniquement disponible dans certaines <strong>Casa del Habano<\/strong> et chez <strong>les sp\u00e9cialistes Habanos<\/strong> agr\u00e9\u00e9s.<\/p>\n<ul>\n<li>Prix \u200b\u200b: environ  <strong>108 CHF par cigare<\/strong><\/li>\n<li>Coffret de 12 cigares : environ  <strong>1296 CHF<\/strong><\/li>\n<\/ul>\n<p><strong>Conclusion \u2013 Un investissement dans le plaisir et la valeur de collection<\/strong><\/p>\n<p>Le <strong>Trinidad Cabildos \u00c9dition Limit\u00e9e 2024<\/strong> est non seulement un cigare haut de gamme luxueux, mais aussi un <a href=\"https:\/\/smoke.ch\/fr\/categorie-produit\/caves-a-cigares\/\"><strong>investissement pr\u00e9cieux pour les collectionneurs<\/strong> .<\/a> Gr\u00e2ce \u00e0 son \u00e9dition limit\u00e9e, \u00e0 son savoir-faire exceptionnel et \u00e0 son caract\u00e8re exceptionnel, il sera sans aucun doute l&rsquo;un des Habanos les plus recherch\u00e9s des ann\u00e9es \u00e0 venir.<\/p>\n<p>&nbsp;<\/p>\n","protected":false},"excerpt":{"rendered":"<p>Le Trinidad Cabildos \u00c9dition Limit\u00e9e 2024 est la derni\u00e8re \u00e9dition limit\u00e9e de Habanos SA , lanc\u00e9e pour c\u00e9l\u00e9brer le 55e anniversaire de la marque Trinidad. Ce cigare allie tradition cubaine, production strictement limit\u00e9e et profil aromatique incomparable&nbsp;: une v\u00e9ritable pi\u00e8ce de collection pour les amateurs de cigares . Origine et production Le Trinidad Cabildos est [&hellip;]<\/p>\n","protected":false},"featured_media":16264,"comment_status":"closed","ping_status":"closed","template":"","meta":{"_et_pb_use_builder":"","_et_pb_old_content":"","_et_gb_content_width":""},"product_brand":[],"product_cat":[219,250],"product_tag":[1625,1493,1557,1626,253,1618],"class_list":{"0":"post-16227","1":"product","2":"type-product","3":"status-publish","4":"has-post-thumbnail","6":"product_cat-cigares","7":"product_cat-trinidad-fr","8":"product_tag-acheter-trinidad-cabildos","9":"product_tag-cabildos-de-trinidad-fr","10":"product_tag-cigares-cubains-suisse","11":"product_tag-prix-trinidad-cabildos-suisse","12":"product_tag-trinidad-fr","13":"product_tag-trinidad-cabildos-edition-limitee-2024","15":"first","16":"instock","17":"shipping-taxable","18":"purchasable","19":"product-type-simple"},"aioseo_notices":[],"_links":{"self":[{"href":"https:\/\/smoke.ch\/fr\/wp-json\/wp\/v2\/product\/16227","targetHints":{"allow":["GET"]}}],"collection":[{"href":"https:\/\/smoke.ch\/fr\/wp-json\/wp\/v2\/product"}],"about":[{"href":"https:\/\/smoke.ch\/fr\/wp-json\/wp\/v2\/types\/product"}],"replies":[{"embeddable":true,"href":"https:\/\/smoke.ch\/fr\/wp-json\/wp\/v2\/comments?post=16227"}],"wp:featuredmedia":[{"embeddable":true,"href":"https:\/\/smoke.ch\/fr\/wp-json\/wp\/v2\/media\/16264"}],"wp:attachment":[{"href":"https:\/\/smoke.ch\/fr\/wp-json\/wp\/v2\/media?parent=16227"}],"wp:term":[{"taxonomy":"product_brand","embeddable":true,"href":"https:\/\/smoke.ch\/fr\/wp-json\/wp\/v2\/product_brand?post=16227"},{"taxonomy":"product_cat","embeddable":true,"href":"https:\/\/smoke.ch\/fr\/wp-json\/wp\/v2\/product_cat?post=16227"},{"taxonomy":"product_tag","embeddable":true,"href":"https:\/\/smoke.ch\/fr\/wp-json\/wp\/v2\/product_tag?post=16227"}],"curies":[{"name":"wp","href":"https:\/\/api.w.org\/{rel}","templated":true}]}}