{"id":16232,"date":"2025-08-22T12:41:04","date_gmt":"2025-08-22T12:41:04","guid":{"rendered":"https:\/\/smoke.ch\/product\/trinidad-robustos-extra-55e-anniversaire\/"},"modified":"2026-01-31T15:42:05","modified_gmt":"2026-01-31T15:42:05","slug":"trinidad-robustos-extra-55e-anniversaire","status":"publish","type":"product","link":"https:\/\/smoke.ch\/fr\/produit\/trinidad-robustos-extra-55e-anniversaire\/","title":{"rendered":"Trinidad Robustos Extra \u2013 55e anniversaire \u2013 Cigare simple"},"content":{"rendered":"<p>Avec le <a href=\"https:\/\/smoke.ch\/fr\/categorie-produit\/cigares\/trinidad-fr\/\"><strong>Trinidad Robustos Extra 55 Aniversario,<\/strong><\/a> <a href=\"https:\/\/www.habanos.com\/en\/\"><strong>Habanos SA<\/strong><\/a> c\u00e9l\u00e8bre le 55e anniversaire de l&rsquo;une des marques de cigares les plus exclusives de Cuba. Cette \u00e9dition limit\u00e9e est l&rsquo;une des vitoles les plus rares de Trinidad et a \u00e9t\u00e9 cr\u00e9\u00e9e sp\u00e9cialement pour les collectionneurs et les aficionados.<\/p>\n<p>Le <strong>Robustos Extra<\/strong> impressionne par son format \u00e9l\u00e9gant de <strong>155 mm de longueur<\/strong> et son <strong>calibre de 50.<\/strong> Il est \u00e9labor\u00e9 exclusivement \u00e0 partir de tabacs cueillis \u00e0 la main dans la <strong>Vuelta Abajo<\/strong> , la meilleure r\u00e9gion productrice de tabac de Cuba. Chaque bouff\u00e9e r\u00e9v\u00e8le l&rsquo;\u00e9quilibre parfait qui fait la renomm\u00e9e mondiale de Trinidad.  <\/p>\n<p>L&rsquo;\u00e9dition anniversaire se pr\u00e9sente avec un <strong>go\u00fbt cors\u00e9 et complexe<\/strong> :<\/p>\n<ul>\n<li>D\u00e9but cr\u00e9meux avec de fines notes de bois et de caramel<\/li>\n<li>Partie m\u00e9diane intense avec du cacao, de l&rsquo;espresso et du poivre blanc<\/li>\n<li>Finale longue dur\u00e9e avec des nuances de miel, de vanille et d&rsquo;\u00e9pices \u00e9l\u00e9gantes<\/li>\n<\/ul>\n<p><a href=\"https:\/\/smoke.ch\/fr\/categorie-produit\/caves-a-cigares\/\"><strong>Disponibilit\u00e9 limit\u00e9e<\/strong><\/a><\/p>\n<p>Le <strong>Trinidad 55 Aniversario<\/strong> est livr\u00e9 dans un coffret luxueux num\u00e9rot\u00e9 et n&rsquo;est disponible qu&rsquo;en quantit\u00e9s limit\u00e9es dans le monde entier, principalement via <strong>Casa del Habano<\/strong> et <strong>certains sp\u00e9cialistes Habanos<\/strong> s\u00e9lectionn\u00e9s.<\/p>\n<p>Quiconque souhaite <strong>acheter le Trinidad Robustos Extra<\/strong> acquiert un cigare exceptionnel.<\/p>\n","protected":false},"excerpt":{"rendered":"<p>Avec le Trinidad Robustos Extra 55 Aniversario, Habanos SA c\u00e9l\u00e8bre le 55e anniversaire de l&rsquo;une des marques de cigares les plus exclusives de Cuba. Cette \u00e9dition limit\u00e9e est l&rsquo;une des vitoles les plus rares de Trinidad et a \u00e9t\u00e9 cr\u00e9\u00e9e sp\u00e9cialement pour les collectionneurs et les aficionados. Le Robustos Extra impressionne par son format \u00e9l\u00e9gant [&hellip;]<\/p>\n","protected":false},"featured_media":16243,"comment_status":"closed","ping_status":"closed","template":"","meta":{"_et_pb_use_builder":"","_et_pb_old_content":"","_et_gb_content_width":""},"product_brand":[],"product_cat":[219,250],"product_tag":[1586,1605,1596,1714,1613,1585],"class_list":{"0":"post-16232","1":"product","2":"type-product","3":"status-publish","4":"has-post-thumbnail","6":"product_cat-cigares","7":"product_cat-trinidad-fr","8":"product_tag-acheter-trinidad-robustos-extra","9":"product_tag-cigare-anniversaire-trindad","10":"product_tag-cigares-cubains-trinidad","11":"product_tag-prix-extra-des-robustos-de-trinidad","12":"product_tag-trinidad-55-aniversario-edition-limitee","13":"product_tag-trinidad-robustos-extra-55-aniversario-fr","15":"first","16":"instock","17":"shipping-taxable","18":"purchasable","19":"product-type-simple"},"aioseo_notices":[],"_links":{"self":[{"href":"https:\/\/smoke.ch\/fr\/wp-json\/wp\/v2\/product\/16232","targetHints":{"allow":["GET"]}}],"collection":[{"href":"https:\/\/smoke.ch\/fr\/wp-json\/wp\/v2\/product"}],"about":[{"href":"https:\/\/smoke.ch\/fr\/wp-json\/wp\/v2\/types\/product"}],"replies":[{"embeddable":true,"href":"https:\/\/smoke.ch\/fr\/wp-json\/wp\/v2\/comments?post=16232"}],"wp:featuredmedia":[{"embeddable":true,"href":"https:\/\/smoke.ch\/fr\/wp-json\/wp\/v2\/media\/16243"}],"wp:attachment":[{"href":"https:\/\/smoke.ch\/fr\/wp-json\/wp\/v2\/media?parent=16232"}],"wp:term":[{"taxonomy":"product_brand","embeddable":true,"href":"https:\/\/smoke.ch\/fr\/wp-json\/wp\/v2\/product_brand?post=16232"},{"taxonomy":"product_cat","embeddable":true,"href":"https:\/\/smoke.ch\/fr\/wp-json\/wp\/v2\/product_cat?post=16232"},{"taxonomy":"product_tag","embeddable":true,"href":"https:\/\/smoke.ch\/fr\/wp-json\/wp\/v2\/product_tag?post=16232"}],"curies":[{"name":"wp","href":"https:\/\/api.w.org\/{rel}","templated":true}]}}