{"id":16288,"date":"2025-08-23T13:25:09","date_gmt":"2025-08-23T13:25:09","guid":{"rendered":"https:\/\/smoke.ch\/product\/h-upmann-magnum-finite-edition-limitada-2024\/"},"modified":"2025-08-24T09:53:34","modified_gmt":"2025-08-24T09:53:34","slug":"h-upmann-magnum-finite-edition-limitada-2024","status":"publish","type":"product","link":"https:\/\/smoke.ch\/fr\/produit\/h-upmann-magnum-finite-edition-limitada-2024\/","title":{"rendered":"H. Upmann Magnum Finite Edition Limitada 2024"},"content":{"rendered":"<p>Le <a href=\"\/?product_cat=h_upmann\"><strong>H. Upmann Magnum Finite Edici\u00f3n Limitada 2024<\/strong><\/a> est l&rsquo;une des nouveaut\u00e9s les plus convoit\u00e9es de la gamme <a href=\"https:\/\/www.habanos.com\/en\/\"><strong>Habanos SA<\/strong><\/a> . Ce <strong>cigare, en \u00e9dition limit\u00e9e,<\/strong> allie la longue tradition de la marque H. Upmann au plus haut niveau de l&rsquo;artisanat cubain \u2013 un incontournable pour les collectionneurs et les passionn\u00e9s. <\/p>\n<p><strong>Origine et production<\/strong><\/p>\n<p>Le Magnum Finite, lanc\u00e9 \u00e0 Madrid en septembre 2024, est l&rsquo;un des <a href=\"https:\/\/smoke.ch\/fr\/categorie-produit\/cigares\/\"><strong>cigares cubains<\/strong><\/a> les plus exclusifs de l&rsquo;ann\u00e9e. Enti\u00e8rement fabriqu\u00e9 \u00e0 la main \u00e0 partir de tabacs de la <strong>r\u00e9gion de Vuelta Abajo, \u00e0 Pinar del R\u00edo (Cuba)<\/strong> . <\/p>\n<ul>\n<li><strong>Vitole :<\/strong> Singulares (calibre annulaire 130 mm x 53)<\/li>\n<li><strong>Maturation :<\/strong> Tabacs vieillis au moins deux ans (cape, sous-cape, tripe)<\/li>\n<li><strong>Taille de la bo\u00eete :<\/strong> 25 cigares par bo\u00eete<\/li>\n<\/ul>\n<p><strong>Ar\u00f4me et plaisir de fumer<\/strong><\/p>\n<p>Le <strong>H. Upmann Magnum Finite \u00c9dition Limit\u00e9e 2024<\/strong> impressionne par sa fum\u00e9e onctueuse et onctueuse et ses ar\u00f4mes \u00e9l\u00e9gants typiques de H. Upmann. De subtiles <strong>notes de bois, de terre, de tabac torr\u00e9fi\u00e9 et une l\u00e9g\u00e8re douceur<\/strong> en font une \u00e9dition limit\u00e9e parfaitement \u00e9quilibr\u00e9e, d&rsquo;une force moyenne \u00e0 mod\u00e9r\u00e9e. <\/p>\n<p><strong>Limitation et disponibilit\u00e9<\/strong><\/p>\n<p>Dans le cadre de l&rsquo; <strong>\u00c9dition Limit\u00e9e 2024,<\/strong> la Magnum Finite sera produite en quantit\u00e9s limit\u00e9es et distribu\u00e9e dans le monde entier. Il s&rsquo;agit du dernier mod\u00e8le des \u00c9ditions Limit\u00e9es 2024, apr\u00e8s <strong>la Trinidad Cabildos<\/strong> et <strong>la Ram\u00f3n Allones Absolutos<\/strong> . <\/p>\n<p>En <strong>Suisse<\/strong> , le H. Upmann Magnum Finite sera disponible \u00e0 partir <strong>du 5 ao\u00fbt 2025<\/strong> \u00e0 <strong>La Casa del Habano<\/strong> :<\/p>\n<ul>\n<li><strong>Prix \u200b\u200bunitaire :<\/strong> environ 47 CHF par cigare<\/li>\n<li><strong>Prix \u200b\u200bde la bo\u00eete :<\/strong> environ 1175 CHF par bo\u00eete de 25 cigares<\/li>\n<\/ul>\n<p><strong>Conclusion<\/strong><\/p>\n<p>Le <strong>H. Upmann Magnum Finite Edici\u00f3n Limitada 2024<\/strong> est \u00e0 la fois une pi\u00e8ce de collection et un moment de plaisir. Si vous souhaitez vous procurer l&rsquo;une de ces exquises <a href=\"https:\/\/smoke.ch\/fr\/categorie-produit\/caves-a-cigares\/\"><strong>\u00e9ditions limit\u00e9es cubaines,<\/strong><\/a> ne tardez pas&nbsp;: la demande est forte et l&rsquo;\u00e9dition est strictement limit\u00e9e. <\/p>\n","protected":false},"excerpt":{"rendered":"<p>Le H. Upmann Magnum Finite Edici\u00f3n Limitada 2024 est l&rsquo;une des nouveaut\u00e9s les plus convoit\u00e9es de la gamme Habanos SA . Ce cigare, en \u00e9dition limit\u00e9e, allie la longue tradition de la marque H. Upmann au plus haut niveau de l&rsquo;artisanat cubain \u2013 un incontournable pour les collectionneurs et les passionn\u00e9s. Origine et production Le [&hellip;]<\/p>\n","protected":false},"featured_media":16270,"comment_status":"closed","ping_status":"closed","template":"","meta":{"_et_pb_use_builder":"","_et_pb_old_content":"","_et_gb_content_width":""},"product_brand":[],"product_cat":[219,238],"product_tag":[1512,1514,1557,1559,1513,1511,1558],"class_list":{"0":"post-16288","1":"product","2":"type-product","3":"status-publish","4":"has-post-thumbnail","6":"product_cat-cigares","7":"product_cat-h-upmann-fr","8":"product_tag-achetez-h-upmann-magnum-finite","9":"product_tag-cigares-cubains-en-edition-limitee-2024","10":"product_tag-cigares-cubains-suisse","11":"product_tag-cigares-h-upmann-en-edition-limitee","12":"product_tag-h-upmann-edition-limitee-2024","13":"product_tag-h-upmann-magnum-finite-fr","14":"product_tag-prix-h-upmann-magnum-finite","16":"first","17":"instock","18":"shipping-taxable","19":"purchasable","20":"product-type-simple"},"aioseo_notices":[],"_links":{"self":[{"href":"https:\/\/smoke.ch\/fr\/wp-json\/wp\/v2\/product\/16288","targetHints":{"allow":["GET"]}}],"collection":[{"href":"https:\/\/smoke.ch\/fr\/wp-json\/wp\/v2\/product"}],"about":[{"href":"https:\/\/smoke.ch\/fr\/wp-json\/wp\/v2\/types\/product"}],"replies":[{"embeddable":true,"href":"https:\/\/smoke.ch\/fr\/wp-json\/wp\/v2\/comments?post=16288"}],"wp:featuredmedia":[{"embeddable":true,"href":"https:\/\/smoke.ch\/fr\/wp-json\/wp\/v2\/media\/16270"}],"wp:attachment":[{"href":"https:\/\/smoke.ch\/fr\/wp-json\/wp\/v2\/media?parent=16288"}],"wp:term":[{"taxonomy":"product_brand","embeddable":true,"href":"https:\/\/smoke.ch\/fr\/wp-json\/wp\/v2\/product_brand?post=16288"},{"taxonomy":"product_cat","embeddable":true,"href":"https:\/\/smoke.ch\/fr\/wp-json\/wp\/v2\/product_cat?post=16288"},{"taxonomy":"product_tag","embeddable":true,"href":"https:\/\/smoke.ch\/fr\/wp-json\/wp\/v2\/product_tag?post=16288"}],"curies":[{"name":"wp","href":"https:\/\/api.w.org\/{rel}","templated":true}]}}