{"id":16314,"date":"2025-08-25T08:36:07","date_gmt":"2025-08-25T08:36:07","guid":{"rendered":"https:\/\/smoke.ch\/product\/cohiba-robustos\/"},"modified":"2026-03-14T10:57:19","modified_gmt":"2026-03-14T10:57:19","slug":"cohiba-robustos","status":"publish","type":"product","link":"https:\/\/smoke.ch\/fr\/produit\/cohiba-robustos\/","title":{"rendered":"Cohiba Robusto"},"content":{"rendered":"<p><strong>Cohiba Robusto \u2013 L&rsquo;ic\u00f4ne parmi les cigares cubains<\/strong><\/p>\n<p>Le <a href=\"https:\/\/smoke.ch\/fr\/categorie-produit\/cigares\/cohiba-fr\/\"><strong>Cohiba Robusto<\/strong><\/a> est sans conteste l&rsquo;un des cigares cubains les plus c\u00e9l\u00e8bres et les plus appr\u00e9ci\u00e9s. Avec sa <strong>longueur classique de 124 mm<\/strong> et <strong>son calibre de 50<\/strong> , il est une v\u00e9ritable ic\u00f4ne de l&rsquo; <a href=\"https:\/\/www.habanos.com\/en\/\"><strong>univers Habanos<\/strong><\/a> . Appartenant \u00e0 la <strong>L\u00ednea Cl\u00e1sica<\/strong> , il incarne \u00e0 lui seul tout ce qui fait la renomm\u00e9e de Cohiba&nbsp;: un savoir-faire d&rsquo;exception, des tabacs de la plus haute qualit\u00e9 et un ar\u00f4me incomparable.  <\/p>\n<p><strong>Origine et qualit\u00e9<\/strong><\/p>\n<p>Tous les tabacs utilis\u00e9s dans les Cohiba Robustos proviennent de la c\u00e9l\u00e8bre <strong>Vuelta Abajo<\/strong> , \u00e0 Pinar del R\u00edo, sans doute la r\u00e9gion productrice de tabac la plus raffin\u00e9e de Cuba. De plus, certains tabacs subissent une fermentation suppl\u00e9mentaire en f\u00fbts. Ce processus complexe garantit au <a href=\"https:\/\/smoke.ch\/fr\/categorie-produit\/cigares\/cohiba-fr\/\"><strong>cigare une douceur et une profondeur aromatique exceptionnelles<\/strong><\/a> .  <\/p>\n<p><strong>Profil de saveur<\/strong><\/p>\n<p>En fumant, le Cohiba Robustos impressionne d&rsquo;abord par ses notes cr\u00e9meuses de bois et de cuir. S&rsquo;ensuivent une subtile douceur de miel et de cacao, accompagn\u00e9e d&rsquo;accents \u00e9pic\u00e9s de poivre et de caf\u00e9. Enfin, il se termine par une finale \u00e9l\u00e9gante et persistante. L&rsquo; <strong>exp\u00e9rience de fumage, moyenne \u00e0 forte,<\/strong> ravira les amateurs exp\u00e9riment\u00e9s comme les d\u00e9butants exigeants.   <\/p>\n<p><strong>Les saveurs typiques sont :<br \/>\n<\/strong><\/p>\n<ul>\n<li>Notes cr\u00e9meuses de bois et de cuir<\/li>\n<li>Fine douceur du miel et du cacao<\/li>\n<li>Nuances \u00e9pic\u00e9es de poivre et de caf\u00e9<\/li>\n<li>Une finale \u00e9l\u00e9gante et durable<\/li>\n<\/ul>\n<p><strong>Plaisir et valeur de collection<\/strong><\/p>\n<p>Le Cohiba Robustos est \u00e9galement un choix id\u00e9al pour les grandes occasions. Il se marie parfaitement avec un rhum vieux ou un single malt cors\u00e9. Il a \u00e9galement sa place dans toute collection de cigares bien garnie, impressionnant non seulement par son go\u00fbt, mais aussi par sa grande valeur de collection.  <\/p>\n<p><strong>Conclusion<\/strong><\/p>\n<p>En r\u00e9sum\u00e9, quiconque souhaite <strong>acheter un Cohiba Robusto<\/strong> choisit l&rsquo;un des <a href=\"https:\/\/smoke.ch\/fr\/categorie-produit\/cigares\/\"><strong>cigares cubains<\/strong><\/a> les plus c\u00e9l\u00e8bres de tous les temps. Il allie tradition, luxe et plaisir unique, et constitue ainsi un v\u00e9ritable chef-d&rsquo;\u0153uvre pour tout <a href=\"https:\/\/www.habanos.com\/en\/\"><strong>amateur de cigares Habano de qualit\u00e9<\/strong><\/a> . <\/p>\n","protected":false},"excerpt":{"rendered":"<p>Cohiba Robusto \u2013 L&rsquo;ic\u00f4ne parmi les cigares cubains Le Cohiba Robusto est sans conteste l&rsquo;un des cigares cubains les plus c\u00e9l\u00e8bres et les plus appr\u00e9ci\u00e9s. Avec sa longueur classique de 124 mm et son calibre de 50 , il est une v\u00e9ritable ic\u00f4ne de l&rsquo; univers Habanos . Appartenant \u00e0 la L\u00ednea Cl\u00e1sica , il [&hellip;]<\/p>\n","protected":false},"featured_media":12013,"comment_status":"closed","ping_status":"closed","template":"","meta":{"_et_pb_use_builder":"","_et_pb_old_content":"","_et_gb_content_width":""},"product_brand":[],"product_cat":[219,220],"product_tag":[1751,1119,1080,1752,1683],"class_list":{"0":"post-16314","1":"product","2":"type-product","3":"status-publish","4":"has-post-thumbnail","6":"product_cat-cigares","7":"product_cat-cohiba-fr","8":"product_tag-acheter-cohiba-robustos","9":"product_tag-cigares-cohiba","10":"product_tag-cigares-cubains","11":"product_tag-gout-des-cohiba-robustos","12":"product_tag-prix-des-cohiba-robustos","14":"first","15":"instock","16":"shipping-taxable","17":"purchasable","18":"product-type-variable"},"aioseo_notices":[],"_links":{"self":[{"href":"https:\/\/smoke.ch\/fr\/wp-json\/wp\/v2\/product\/16314","targetHints":{"allow":["GET"]}}],"collection":[{"href":"https:\/\/smoke.ch\/fr\/wp-json\/wp\/v2\/product"}],"about":[{"href":"https:\/\/smoke.ch\/fr\/wp-json\/wp\/v2\/types\/product"}],"replies":[{"embeddable":true,"href":"https:\/\/smoke.ch\/fr\/wp-json\/wp\/v2\/comments?post=16314"}],"wp:featuredmedia":[{"embeddable":true,"href":"https:\/\/smoke.ch\/fr\/wp-json\/wp\/v2\/media\/12013"}],"wp:attachment":[{"href":"https:\/\/smoke.ch\/fr\/wp-json\/wp\/v2\/media?parent=16314"}],"wp:term":[{"taxonomy":"product_brand","embeddable":true,"href":"https:\/\/smoke.ch\/fr\/wp-json\/wp\/v2\/product_brand?post=16314"},{"taxonomy":"product_cat","embeddable":true,"href":"https:\/\/smoke.ch\/fr\/wp-json\/wp\/v2\/product_cat?post=16314"},{"taxonomy":"product_tag","embeddable":true,"href":"https:\/\/smoke.ch\/fr\/wp-json\/wp\/v2\/product_tag?post=16314"}],"curies":[{"name":"wp","href":"https:\/\/api.w.org\/{rel}","templated":true}]}}