{"id":16725,"date":"2025-10-14T07:22:30","date_gmt":"2025-10-14T07:22:30","guid":{"rendered":"https:\/\/smoke.ch\/product\/hoyo-de-monterrey-diademas-2004-cigare-simple\/"},"modified":"2025-10-14T08:08:34","modified_gmt":"2025-10-14T08:08:34","slug":"hoyo-de-monterrey-diademas-2004-cigare-simple","status":"publish","type":"product","link":"https:\/\/smoke.ch\/fr\/produit\/hoyo-de-monterrey-diademas-2004-cigare-simple\/","title":{"rendered":"Hoyo de Monterrey \u2013 Diademas 2004 \u2013 Cigare simple"},"content":{"rendered":"<p>D\u00e9couvrez les cigares exclusifs <strong>Hoyo de Monterrey <\/strong><strong><a href=\"https:\/\/smoke.ch\/product-category\/zigarren\/\">Diademas <\/a><\/strong>de l&rsquo; <strong><a href=\"https:\/\/smoke.ch\/product-category\/humidore\/\">humidor<\/a> en \u00e9dition limit\u00e9e de 2004.<\/strong> Ces cigares sont uniques et offrent une saveur de tabac douce et sucr\u00e9e qui devient l\u00e9g\u00e8rement plus forte au deuxi\u00e8me tiers.<\/p>\n<p>De plus, ces cigares sont aptes au vieillissement et parfaits pour les connaisseurs. N&rsquo;h\u00e9sitez plus et savourez l&rsquo;exp\u00e9rience gustative unique de cette \u00e9dition limit\u00e9e de<a href=\"https:\/\/www.habanos.com\/en\/\"><strong> Habanos <\/strong><\/a>SA. Plongez dans l&rsquo;univers des Hoyo de Monterrey Diademas et laissez-vous s\u00e9duire par leur singularit\u00e9 et leur qualit\u00e9\u00a0!<\/p>\n","protected":false},"excerpt":{"rendered":"<p>D\u00e9couvrez les cigares exclusifs Hoyo de Monterrey Diademas de l&rsquo; humidor en \u00e9dition limit\u00e9e de 2004. Ces cigares sont uniques et offrent une saveur de tabac douce et sucr\u00e9e qui devient l\u00e9g\u00e8rement plus forte au deuxi\u00e8me tiers. De plus, ces cigares sont aptes au vieillissement et parfaits pour les connaisseurs. N&rsquo;h\u00e9sitez plus et savourez l&rsquo;exp\u00e9rience [&hellip;]<\/p>\n","protected":false},"featured_media":12656,"comment_status":"closed","ping_status":"closed","template":"","meta":{"_et_pb_use_builder":"","_et_pb_old_content":"","_et_gb_content_width":""},"product_brand":[],"product_cat":[219,235],"product_tag":[1124,1082,1120,1232,822,894],"class_list":{"0":"post-16725","1":"product","2":"type-product","3":"status-publish","4":"has-post-thumbnail","6":"product_cat-cigares","7":"product_cat-hoyo-de-monterrey-fr","8":"product_tag-cigares-cubains-exclusifs","9":"product_tag-cigares-cuban-vintage","10":"product_tag-cigares-habanos","11":"product_tag-cigares-hoyo-de-monterrey","12":"product_tag-hoyo-de-monterrey-fr","13":"product_tag-hoyo-de-monterrey-diademas-fr","15":"first","16":"instock","17":"shipping-taxable","18":"purchasable","19":"product-type-variable"},"aioseo_notices":[],"_links":{"self":[{"href":"https:\/\/smoke.ch\/fr\/wp-json\/wp\/v2\/product\/16725","targetHints":{"allow":["GET"]}}],"collection":[{"href":"https:\/\/smoke.ch\/fr\/wp-json\/wp\/v2\/product"}],"about":[{"href":"https:\/\/smoke.ch\/fr\/wp-json\/wp\/v2\/types\/product"}],"replies":[{"embeddable":true,"href":"https:\/\/smoke.ch\/fr\/wp-json\/wp\/v2\/comments?post=16725"}],"wp:featuredmedia":[{"embeddable":true,"href":"https:\/\/smoke.ch\/fr\/wp-json\/wp\/v2\/media\/12656"}],"wp:attachment":[{"href":"https:\/\/smoke.ch\/fr\/wp-json\/wp\/v2\/media?parent=16725"}],"wp:term":[{"taxonomy":"product_brand","embeddable":true,"href":"https:\/\/smoke.ch\/fr\/wp-json\/wp\/v2\/product_brand?post=16725"},{"taxonomy":"product_cat","embeddable":true,"href":"https:\/\/smoke.ch\/fr\/wp-json\/wp\/v2\/product_cat?post=16725"},{"taxonomy":"product_tag","embeddable":true,"href":"https:\/\/smoke.ch\/fr\/wp-json\/wp\/v2\/product_tag?post=16725"}],"curies":[{"name":"wp","href":"https:\/\/api.w.org\/{rel}","templated":true}]}}