{"id":16758,"date":"2025-10-16T12:22:08","date_gmt":"2025-10-16T12:22:08","guid":{"rendered":"https:\/\/smoke.ch\/product\/cave-a-cigares-cohiba-behike-edition-speciale\/"},"modified":"2026-01-31T15:57:13","modified_gmt":"2026-01-31T15:57:13","slug":"cave-a-cigares-cohiba-behike-edition-speciale","status":"publish","type":"product","link":"https:\/\/smoke.ch\/fr\/produit\/cave-a-cigares-cohiba-behike-edition-speciale\/","title":{"rendered":"Cave \u00e0 cigares Cohiba Behike \u2013 \u00c9dition sp\u00e9ciale"},"content":{"rendered":"<p>Les <a href=\"https:\/\/smoke.ch\/product-category\/zigarren\/cohiba\/\"><strong>Cohiba<\/strong><\/a> Behike Consejo del Estado, avec leur \u00e9tiquette en forme de feuille de palmier, \u00e9galement appel\u00e9es Palm Leaf, sont extr\u00eamement rares et \u00e9taient r\u00e9serv\u00e9es exclusivement \u00e0 Fidel Castro durant son mandat. De nos jours, on les trouve surtout dans <a href=\"https:\/\/smoke.ch\/product-category\/humidore\/\"><strong>des caves \u00e0 cigares<\/strong><\/a> sp\u00e9ciales \u00e0 l&rsquo;occasion d&rsquo;\u00e9v\u00e9nements particuliers et elles sont souvent offertes en cadeau aux envoy\u00e9s d&rsquo;\u00c9tat ou diplomatiques, le client \u00e9tant fr\u00e9quemment des institutions \u00e9tatiques telles que le \u00ab Consejo del Estado \u00bb.<\/p>\n<p>Ces caves \u00e0 cigares uniques contiennent exclusivement <a href=\"https:\/\/smoke.ch\/product-category\/zigarren\/cohiba\/\"><strong>des cigares Cohiba Behike<\/strong><\/a> , soigneusement s\u00e9lectionn\u00e9s parmi des stocks matures. En 2024, la manufacture de cigares Laguito a produit cette cave \u00e0 cigares en \u00e9dition extr\u00eamement limit\u00e9e, contenant 40 cigares Cohiba Behike. Les Cohiba Behike se distinguent par leur excellente finition et offrent un excellent tirage avec des notes de fum\u00e9e de r\u00eave et des ar\u00f4mes intenses qui sont ind\u00e9niablement ceux de Cohiba. La d\u00e9gustation de ce cigare unique est un moment d&rsquo;inspiration \u00e0 ne manquer sous aucun pr\u00e9texte.<\/p>\n<p>Cohiba est une marque l\u00e9gendaire dans l&rsquo;univers des cigares haut de gamme et une cr\u00e9ation exclusive de <a href=\"https:\/\/www.habanos.com\/en\/\"><strong>Habanos SA.<\/strong><\/a> Depuis plus de cinq d\u00e9cennies, les amateurs de cigares du monde entier appr\u00e9cient cette marque embl\u00e9matique, r\u00e9put\u00e9e pour sa qualit\u00e9 in\u00e9gal\u00e9e, son go\u00fbt exquis et son exp\u00e9rience de fumage luxueuse.<\/p>\n<p>Nous disposons d&rsquo;une <a href=\"https:\/\/smoke.ch\/fr\/categorie-produit\/caves-a-cigares\/\"><strong>cave \u00e0 cigares<\/strong><\/a> ouverte qui nous permet de proposer ce cigare rare et unique \u00e0 l&rsquo;unit\u00e9.<\/p>\n","protected":false},"excerpt":{"rendered":"<p>Les Cohiba Behike Consejo del Estado, avec leur \u00e9tiquette en forme de feuille de palmier, \u00e9galement appel\u00e9es Palm Leaf, sont extr\u00eamement rares et \u00e9taient r\u00e9serv\u00e9es exclusivement \u00e0 Fidel Castro durant son mandat. De nos jours, on les trouve surtout dans des caves \u00e0 cigares sp\u00e9ciales \u00e0 l&rsquo;occasion d&rsquo;\u00e9v\u00e9nements particuliers et elles sont souvent offertes en [&hellip;]<\/p>\n","protected":false},"featured_media":13151,"comment_status":"closed","ping_status":"closed","template":"","meta":{"_et_pb_use_builder":"","_et_pb_old_content":"","_et_gb_content_width":""},"product_brand":[],"product_cat":[227,219,220,230],"product_tag":[1764,1542,1763,1454,1124,1120,1026,801,239,1762],"class_list":{"0":"post-16758","1":"product","2":"type-product","3":"status-publish","4":"has-post-thumbnail","6":"product_cat-caves-a-cigares","7":"product_cat-cigares","8":"product_cat-cohiba-fr","9":"product_cat-cohiba-fr-2","10":"product_tag-cigares-cohiba-diplomat","11":"product_tag-cigares-cohiba-en-edition-limitee","12":"product_tag-cigares-cohiba-en-feuilles-de-palmier","13":"product_tag-cigares-cohiba-vintage","14":"product_tag-cigares-cubains-exclusifs","15":"product_tag-cigares-habanos","16":"product_tag-cigares-rares-fr","17":"product_tag-cohiba-fr","18":"product_tag-cohiba-behike-fr","19":"product_tag-conseil-detat-de-cohiba","21":"first","22":"instock","23":"shipping-taxable","24":"purchasable","25":"product-type-variable"},"aioseo_notices":[],"_links":{"self":[{"href":"https:\/\/smoke.ch\/fr\/wp-json\/wp\/v2\/product\/16758","targetHints":{"allow":["GET"]}}],"collection":[{"href":"https:\/\/smoke.ch\/fr\/wp-json\/wp\/v2\/product"}],"about":[{"href":"https:\/\/smoke.ch\/fr\/wp-json\/wp\/v2\/types\/product"}],"replies":[{"embeddable":true,"href":"https:\/\/smoke.ch\/fr\/wp-json\/wp\/v2\/comments?post=16758"}],"wp:featuredmedia":[{"embeddable":true,"href":"https:\/\/smoke.ch\/fr\/wp-json\/wp\/v2\/media\/13151"}],"wp:attachment":[{"href":"https:\/\/smoke.ch\/fr\/wp-json\/wp\/v2\/media?parent=16758"}],"wp:term":[{"taxonomy":"product_brand","embeddable":true,"href":"https:\/\/smoke.ch\/fr\/wp-json\/wp\/v2\/product_brand?post=16758"},{"taxonomy":"product_cat","embeddable":true,"href":"https:\/\/smoke.ch\/fr\/wp-json\/wp\/v2\/product_cat?post=16758"},{"taxonomy":"product_tag","embeddable":true,"href":"https:\/\/smoke.ch\/fr\/wp-json\/wp\/v2\/product_tag?post=16758"}],"curies":[{"name":"wp","href":"https:\/\/api.w.org\/{rel}","templated":true}]}}