{"id":16886,"date":"2025-11-12T11:15:57","date_gmt":"2025-11-12T11:15:57","guid":{"rendered":"https:\/\/smoke.ch\/product\/partagas-cedros-annee-du-serpent-cigare-a-lunite\/"},"modified":"2025-11-12T11:15:57","modified_gmt":"2025-11-12T11:15:57","slug":"partagas-cedros-annee-du-serpent-cigare-a-lunite","status":"publish","type":"product","link":"https:\/\/smoke.ch\/fr\/produit\/partagas-cedros-annee-du-serpent-cigare-a-lunite\/","title":{"rendered":"Partagas Cedros \u2013 Ann\u00e9e du Serpent \u2013 cigare \u00e0 l&rsquo;unit\u00e9"},"content":{"rendered":"<p>Le <strong>Partagas Cedros Ann\u00e9e du Serpent<\/strong> est un <strong>cigare en \u00e9dition limit\u00e9e<\/strong> de la l\u00e9gendaire marque cubaine <a href=\"https:\/\/smoke.ch\/fr\/categorie-produit\/cigares\/partagas-fr\/\"><strong>Partagas<\/strong><\/a> , r\u00e9put\u00e9e pour sa qualit\u00e9 exceptionnelle et son profil aromatique intense. Ce cigare allie tradition, savoir-faire et luxe, offrant une exp\u00e9rience de d\u00e9gustation unique aux amateurs de cigares, qu&rsquo;ils soient novices ou exp\u00e9riment\u00e9s. <\/p>\n<p><strong>Qu&rsquo;est-ce qui rend l&rsquo;ann\u00e9e du Serpent de Partagas Cedros si sp\u00e9ciale ?<\/strong><\/p>\n<p>Le Partagas Cedros Ann\u00e9e du Serpent est un <a href=\"https:\/\/www.habanos.com\/en\/\"><strong>cigare exclusif d&rsquo;Habanos SA<\/strong><\/a> , cr\u00e9\u00e9 dans le cadre d&rsquo;une \u00e9dition sp\u00e9ciale en l&rsquo;honneur de l&rsquo;ann\u00e9e du Serpent dans le zodiaque chinois. Cette s\u00e9rie de cigares se distingue par ses mat\u00e9riaux d&rsquo;exception et son design impressionnant&nbsp;; son enveloppe en <strong>bois de c\u00e8dre<\/strong> (Cedros) lui conf\u00e8re une protection aromatique unique. <\/p>\n<p><strong>Conception et emballage du Partagas Cedros Ann\u00e9e du Serpent<\/strong><\/p>\n<p>Ce cigare est envelopp\u00e9 dans <strong>des feuilles de c\u00e8dre<\/strong> , qui non seulement pr\u00e9servent ses ar\u00f4mes, mais lui conf\u00e8rent \u00e9galement une allure luxueuse. Son \u00e9l\u00e9gant emballage en bois et son design raffin\u00e9 t\u00e9moignent de la grande qualit\u00e9 qui caract\u00e9rise ce cigare. Un <a href=\"https:\/\/smoke.ch\/fr\/categorie-produit\/caves-a-cigares\/\"><strong>produit de luxe<\/strong><\/a> absolu pour les amateurs de cigares les plus exigeants.  <\/p>\n<p><strong>Ar\u00f4mes et saveurs du c\u00e9drat Partagas Ann\u00e9e du Serpent<\/strong><\/p>\n<p>Le Partagas Cedros Ann\u00e9e du Serpent offre une exp\u00e9rience gustative \u00e0 la fois puissante et \u00e9quilibr\u00e9e. D\u00e8s l&rsquo;allumage, des ar\u00f4mes de <g id=\"gid_0\">caf\u00e9 torr\u00e9fi\u00e9<\/g> , <g id=\"gid_1\">de cuir<\/g> et <g id=\"gid_2\">de c\u00e8dre<\/g> se d\u00e9ploient, accompagn\u00e9s d&rsquo;une subtile note \u00e9pic\u00e9e. Au fil de sa d\u00e9gustation, des saveurs <strong>de chocolat noir<\/strong> , <strong>de noix<\/strong> et un agr\u00e9able <strong>bois\u00e9<\/strong> apparaissent, faisant de ce cigare une exp\u00e9rience inoubliable. Appartenant \u00e0 la gamme des <strong>cigares cors\u00e9s<\/strong> de Partagas, il est particuli\u00e8rement adapt\u00e9 aux fumeurs de cigares exp\u00e9riment\u00e9s qui appr\u00e9cient la complexit\u00e9 et la profondeur des ar\u00f4mes.   <\/p>\n<p><strong>Boissons recommand\u00e9es pour l&rsquo;ann\u00e9e du Serpent \u00e0 Partagas Cedros<\/strong><\/p>\n<p>Le cigare <strong>Partagas Cedros Ann\u00e9e du Serpent<\/strong> s&rsquo;accorde \u00e0 merveille avec <strong>des spiritueux<\/strong> de qualit\u00e9 sup\u00e9rieure comme <strong>le rhum<\/strong> ou un <a href=\"https:\/\/smoke.ch\/fr\/categorie-produit\/spiritueux\/burberrys-fr\/\"><strong>whisky \u00e9cossais<\/strong><\/a> cors\u00e9. Ses ar\u00f4mes puissants s&rsquo;harmonisent particuli\u00e8rement bien avec un <strong>rhum cubain vieilli<\/strong> ou un <strong>whisky \u00e9cossais fum\u00e9<\/strong> , compl\u00e9tant ainsi parfaitement sa complexit\u00e9. <\/p>\n<p><strong>Conclusion : Pourquoi acheter Partagas Cedros Ann\u00e9e du Serpent ?<\/strong><\/p>\n<p>Le Partagas Cedros Ann\u00e9e du Serpent n&rsquo;est pas seulement un <strong>cigare de grande qualit\u00e9<\/strong> , mais un v\u00e9ritable chef-d&rsquo;\u0153uvre de l&rsquo;artisanat cubain. Son ar\u00f4me intense et complexe, ainsi que son design exclusif, en font un incontournable pour tout amateur de cigares. Que ce soit pour un plaisir personnel ou comme cadeau \u00e9l\u00e9gant pour un ami, le Partagas Cedros Ann\u00e9e du Serpent est le choix id\u00e9al pour les fumeurs exigeants.  <\/p>\n<p>Si vous recherchez un <strong>cigare cubain<\/strong> d&rsquo;exception alliant saveur et \u00e9l\u00e9gance, le <strong>Partagas Cedros Ann\u00e9e du Serpent<\/strong> est le choix id\u00e9al. D\u00e9couvrez l&rsquo;univers des <strong>cigares Partagas<\/strong> et vivez une exp\u00e9rience fum\u00e9e d&rsquo;une qualit\u00e9 incomparable&nbsp;! <\/p>\n","protected":false},"excerpt":{"rendered":"<p>Le Partagas Cedros Ann\u00e9e du Serpent est un cigare en \u00e9dition limit\u00e9e de la l\u00e9gendaire marque cubaine Partagas , r\u00e9put\u00e9e pour sa qualit\u00e9 exceptionnelle et son profil aromatique intense. Ce cigare allie tradition, savoir-faire et luxe, offrant une exp\u00e9rience de d\u00e9gustation unique aux amateurs de cigares, qu&rsquo;ils soient novices ou exp\u00e9riment\u00e9s. Qu&rsquo;est-ce qui rend l&rsquo;ann\u00e9e [&hellip;]<\/p>\n","protected":false},"featured_media":16872,"comment_status":"closed","ping_status":"closed","template":"","meta":{"_et_pb_use_builder":"","_et_pb_old_content":"","_et_gb_content_width":""},"product_brand":[],"product_cat":[219,225],"product_tag":[1784,1783,1787,1785,1786,1788,1124,1208,1782],"class_list":{"0":"post-16886","1":"product","2":"type-product","3":"status-publish","4":"has-post-thumbnail","6":"product_cat-cigares","7":"product_cat-partagas-fr","8":"product_tag-achetez-un-cigare","9":"product_tag-cigare-cubain","10":"product_tag-cigare-en-bois-de-cedre","11":"product_tag-cigare-en-edition-limitee","12":"product_tag-cigare-et-rhum","13":"product_tag-cigare-et-whisky","14":"product_tag-cigares-cubains-exclusifs","15":"product_tag-cigares-partagas","16":"product_tag-partagas-cedros-yera-du-serpent","18":"first","19":"instock","20":"shipping-taxable","21":"purchasable","22":"product-type-simple"},"aioseo_notices":[],"_links":{"self":[{"href":"https:\/\/smoke.ch\/fr\/wp-json\/wp\/v2\/product\/16886","targetHints":{"allow":["GET"]}}],"collection":[{"href":"https:\/\/smoke.ch\/fr\/wp-json\/wp\/v2\/product"}],"about":[{"href":"https:\/\/smoke.ch\/fr\/wp-json\/wp\/v2\/types\/product"}],"replies":[{"embeddable":true,"href":"https:\/\/smoke.ch\/fr\/wp-json\/wp\/v2\/comments?post=16886"}],"wp:featuredmedia":[{"embeddable":true,"href":"https:\/\/smoke.ch\/fr\/wp-json\/wp\/v2\/media\/16872"}],"wp:attachment":[{"href":"https:\/\/smoke.ch\/fr\/wp-json\/wp\/v2\/media?parent=16886"}],"wp:term":[{"taxonomy":"product_brand","embeddable":true,"href":"https:\/\/smoke.ch\/fr\/wp-json\/wp\/v2\/product_brand?post=16886"},{"taxonomy":"product_cat","embeddable":true,"href":"https:\/\/smoke.ch\/fr\/wp-json\/wp\/v2\/product_cat?post=16886"},{"taxonomy":"product_tag","embeddable":true,"href":"https:\/\/smoke.ch\/fr\/wp-json\/wp\/v2\/product_tag?post=16886"}],"curies":[{"name":"wp","href":"https:\/\/api.w.org\/{rel}","templated":true}]}}