{"id":17051,"date":"2025-12-24T14:23:58","date_gmt":"2025-12-24T14:23:58","guid":{"rendered":"https:\/\/smoke.ch\/product\/cohiba-ideales-edicion-especial-feuille-de-palmier\/"},"modified":"2025-12-24T14:23:58","modified_gmt":"2025-12-24T14:23:58","slug":"cohiba-ideales-edicion-especial-feuille-de-palmier","status":"publish","type":"product","link":"https:\/\/smoke.ch\/fr\/produit\/cohiba-ideales-edicion-especial-feuille-de-palmier\/","title":{"rendered":"Cohiba Ideales \u2013 Edici\u00f3n Especial \u2013 Feuille de palmier"},"content":{"rendered":"<p><strong><a href=\"https:\/\/smoke.ch\/fr\/produit\/cohiba-55-aniversario-colleccion-habanos-edicion-2021-ideales\/\">Cohiba Ideales<\/a> \u2013 Edici\u00f3n Especial \u2013 Feuille de Palmier : Une pi\u00e8ce de collection rare<\/strong><\/p>\n<p>Le Cohiba Ideales Edici\u00f3n Especial <strong>\u2013 <a href=\"https:\/\/smoke.ch\/fr\/produit\/cohiba-cave-a-cigares-double-coronas-edicion-especial\/\">Palm Leaf<\/a><\/strong> est l&rsquo;un des cigares les plus exclusifs de Cuba. Les cigares orn\u00e9s de la rare <strong>\u00e9tiquette en forme de feuille de palmier<\/strong> , \u00e9galement appel\u00e9s simplement <strong>Palm Leaf<\/strong> , \u00e9taient r\u00e9serv\u00e9s exclusivement \u00e0 <strong>Fidel Castro<\/strong> durant son r\u00e8gne. Aujourd&rsquo;hui, on les trouve presque exclusivement dans <strong>des caves \u00e0 cigares en \u00e9dition limit\u00e9e,<\/strong> destin\u00e9es aux grandes occasions, et ils sont fr\u00e9quemment offerts comme <strong>cadeaux d&rsquo;\u00c9tat ou diplomatiques<\/strong> . Souvent, la commande \u00e9mane d&rsquo;une <strong>institution gouvernementale<\/strong> telle que <strong>le Conseil d&rsquo;\u00c9tat<\/strong> .   <\/p>\n<p><strong>\u00c9dition limit\u00e9e : Cohiba Ideales dans un humidificateur exclusif<\/strong><\/p>\n<p>Les cigares destin\u00e9s \u00e0 ces caves \u00e0 cigares d&rsquo;exception proviennent des stocks les plus fins et les plus anciens de <strong>Cohiba<\/strong> . En <strong>2022,<\/strong> la c\u00e9l\u00e8bre <strong>manufacture El Laguito<\/strong> a produit une cave \u00e0 cigares en \u00e9dition strictement limit\u00e9e contenant <strong>50 cigares Cohiba Ideales<\/strong> . <\/p>\n<p>Ces cigares Cohiba Ideales sont exceptionnellement <strong>bien roul\u00e9s<\/strong> , offrent un <strong>tirage parfait<\/strong> et d\u00e9gagent <strong>des ar\u00f4mes intenses,<\/strong> imm\u00e9diatement reconnaissables comme <strong>typiques de Cohiba<\/strong> . Fumer ce cigare d&rsquo;exception est une <strong>exp\u00e9rience inoubliable<\/strong> pour les v\u00e9ritables connaisseurs. <\/p>\n<p><strong>Cohiba \u2013 L&rsquo;ic\u00f4ne des cigares haut de gamme<\/strong><\/p>\n<p><strong>Cohiba<\/strong> , l&rsquo;une des marques les plus prestigieuses d&rsquo; <a href=\"https:\/\/www.habanos.com\/en\/\"><strong>Habanos SA<\/strong><\/a> , est synonyme <strong>d&rsquo;excellence<\/strong> depuis pr\u00e8s de dix d\u00e9cennies. Les connaisseurs du monde entier appr\u00e9cient ces cigares raffin\u00e9s pour leur <strong>go\u00fbt exquis, leur fabrication irr\u00e9prochable<\/strong> et <strong>leur caract\u00e8re unique<\/strong> . <\/p>\n<p>Nous disposons d&rsquo;une <a href=\"https:\/\/smoke.ch\/fr\/categorie-produit\/caves-a-cigares\/\"><strong>cave \u00e0 cigares<\/strong><\/a> ouverte qui nous permet de proposer ce cigare rare et unique \u00e0 l&rsquo;unit\u00e9.<\/p>\n","protected":false},"excerpt":{"rendered":"<p>Cohiba Ideales \u2013 Edici\u00f3n Especial \u2013 Feuille de Palmier : Une pi\u00e8ce de collection rare Le Cohiba Ideales Edici\u00f3n Especial \u2013 Palm Leaf est l&rsquo;un des cigares les plus exclusifs de Cuba. Les cigares orn\u00e9s de la rare \u00e9tiquette en forme de feuille de palmier , \u00e9galement appel\u00e9s simplement Palm Leaf , \u00e9taient r\u00e9serv\u00e9s exclusivement [&hellip;]<\/p>\n","protected":false},"featured_media":17052,"comment_status":"closed","ping_status":"closed","template":"","meta":{"_et_pb_use_builder":"","_et_pb_old_content":"","_et_gb_content_width":""},"product_brand":[],"product_cat":[227,219,220,230],"product_tag":[1816,1119,1814,1763,801,1815,1813],"class_list":{"0":"post-17051","1":"product","2":"type-product","3":"status-publish","4":"has-post-thumbnail","6":"product_cat-caves-a-cigares","7":"product_cat-cigares","8":"product_cat-cohiba-fr","9":"product_cat-cohiba-fr-2","10":"product_tag-acheter-des-cigares-cohiba","11":"product_tag-cigares-cohiba","12":"product_tag-cigares-cohiba-en-edition-limitee-2","13":"product_tag-cigares-cohiba-en-feuilles-de-palmier","14":"product_tag-cohiba-fr","15":"product_tag-cohiba-ideales-edition-speciale","16":"product_tag-cohiba-ideaux","18":"first","19":"instock","20":"shipping-taxable","21":"purchasable","22":"product-type-variable"},"aioseo_notices":[],"_links":{"self":[{"href":"https:\/\/smoke.ch\/fr\/wp-json\/wp\/v2\/product\/17051","targetHints":{"allow":["GET"]}}],"collection":[{"href":"https:\/\/smoke.ch\/fr\/wp-json\/wp\/v2\/product"}],"about":[{"href":"https:\/\/smoke.ch\/fr\/wp-json\/wp\/v2\/types\/product"}],"replies":[{"embeddable":true,"href":"https:\/\/smoke.ch\/fr\/wp-json\/wp\/v2\/comments?post=17051"}],"wp:featuredmedia":[{"embeddable":true,"href":"https:\/\/smoke.ch\/fr\/wp-json\/wp\/v2\/media\/17052"}],"wp:attachment":[{"href":"https:\/\/smoke.ch\/fr\/wp-json\/wp\/v2\/media?parent=17051"}],"wp:term":[{"taxonomy":"product_brand","embeddable":true,"href":"https:\/\/smoke.ch\/fr\/wp-json\/wp\/v2\/product_brand?post=17051"},{"taxonomy":"product_cat","embeddable":true,"href":"https:\/\/smoke.ch\/fr\/wp-json\/wp\/v2\/product_cat?post=17051"},{"taxonomy":"product_tag","embeddable":true,"href":"https:\/\/smoke.ch\/fr\/wp-json\/wp\/v2\/product_tag?post=17051"}],"curies":[{"name":"wp","href":"https:\/\/api.w.org\/{rel}","templated":true}]}}